{"id":3314,"date":"2020-11-27T12:10:18","date_gmt":"2020-11-27T11:10:18","guid":{"rendered":"https:\/\/packnatur.at\/?page_id=3314"},"modified":"2024-09-23T15:43:22","modified_gmt":"2024-09-23T13:43:22","slug":"aviso-legal-y-terminos","status":"publish","type":"page","link":"https:\/\/packnatur.at\/es\/aviso-legal-y-terminos\/","title":{"rendered":"Aviso legal"},"content":{"rendered":"\n<p><\/p>\n\n\n<p>PACKNATUR GMBH<br \/>Angerstrasse 28<br \/>8292 Neudau<br \/>Austria<\/p>\n<p><!-- \/wp:post-content --><!-- wp:paragraph --><\/p>\n<p><!-- wp:paragraph --><\/p>\n<p>Tel\u00e9fono: +43 3383 30301<br \/>Correo electr\u00f3nico: office@packnatur.at<br \/>Internet: www.packnatur.at<\/p>\n<p><!-- \/wp:paragraph --><\/p>\n<p><!-- wp:paragraph --><\/p>\n<p>N.\u00ba de licencia de ARA: 24962<br \/>\u00d6NACE: C13.94-0<\/p>\n<p><!-- \/wp:paragraph --><\/p>\n<p><!-- wp:paragraph --><\/p>\n<p>N\u00famero de IVA: ATU 74007004<br \/>N.\u00ba registro de empresa: 504659x, foro competente Landesgericht f\u00fcr Zivilrechtssachen Graz <br \/>N.\u00ba EORI: ATEOS1000129820<\/p>\n<p><!-- \/wp:paragraph --><\/p>\n<p><!-- wp:paragraph --><\/p>\n<p>Banco: Stmk. Bank u. Sparkassen AG Graz<br \/>N.\u00ba DE CUENTA: 4300-901537<br \/>C\u00d3DIGO BANCARIO: 20815<br \/>IBAN: AT072081504300901537<br \/>SWIFT \/ BIC: STSPAT2G<\/p>\n<p><!-- \/wp:paragraph --><\/p>\n<p><!-- wp:paragraph --><\/p>\n<p>Objeto de la empresa: Producci\u00f3n de art\u00edculos de cuerda (por ejemplo, mallas, etc.) en forma de empresa industrial<br \/>Autoridades conforme a la ley de comercio electr\u00f3nico: Juzgado de Graz, oficina de comercio<br \/>C\u00e1mara: C\u00e1mara de Comercio de Estiria<br \/>Normativa aplicable: www.ris.bka.gv.at Orientaci\u00f3n b\u00e1sica de los contenidos de la p\u00e1gina web: Informaci\u00f3n sobre productos y servicios de la empresa, as\u00ed como su promoci\u00f3n.<\/p>\n<p><!-- \/wp:paragraph --><\/p>\n<p><!-- wp:paragraph --><\/p>\n<p>Los consumidores pueden dirigir sus reclamaciones a la plataforma de resoluci\u00f3n de conflictos en l\u00ednea de la UE: http:\/\/ec.europa.eu\/odr<br \/>Tambi\u00e9n puede dirigir sus posibles reclamaciones a la direcci\u00f3n de correo electr\u00f3nico arriba indicada.<\/p>\n<p><!-- \/wp:paragraph --><\/p>\n<p><!-- wp:paragraph --><\/p>\n<p>Nuestro objetivo: Informaci\u00f3n sobre embalajes de red de madera<\/p>\n<p><!-- \/wp:paragraph --><\/p>\n<p><!-- wp:paragraph --><\/p>\n<p>Director gerente: Ing. Manfred Kern, Director de ventas: Markus Kainer<br \/>Participaci\u00f3n en la sociedad: Susanne Meininger 50% Algotec Entwicklungs- und Verwertungsges.m.b.H., Bettina Reichl 50% Algotec Entwicklungs- und Verwertungsges.m.b.H.<\/p>\n<p><!-- \/wp:paragraph --><\/p>\n<p><!-- wp:paragraph --><\/p>\n<p>Concepto creativo y dise\u00f1o:\u00a0<a href=\"http:\/\/von-k.com\/\" target=\"_blank\" rel=\"noreferrer noopener\">von k &#8211; Brand Design<\/a><br \/>C\u00f3digo + implementaci\u00f3n:\u00a0<a href=\"http:\/\/love-it.at\" data-type=\"URL\" data-id=\"http:\/\/love-it.at\">LOVE-IT<\/a><br \/>Desarrollo de marca: Johanna Ecker<br \/>Redacci\u00f3n corporativa: <a href=\"http:\/\/www.ninaprehofer.com\/\">Nina Prehofer<\/a><br \/>Fotos:\u00a0<a href=\"http:\/\/www.kanizaj-marija.com\/\" target=\"_blank\" rel=\"noreferrer noopener\">Marija Kani\u017eaj<\/a><br \/>V\u00eddeo: <a href=\"https:\/\/black-phoenix.at\/\">Black Phoenix Positioning<\/a><br \/>Traducci\u00f3n: <a href=\"http:\/\/infolingua.com\/\">Infolingua Cross-broder Communication<\/a><\/p>\n<p><!-- \/wp:paragraph --><\/p>","protected":false},"excerpt":{"rendered":"<p>PACKNATUR GMBHAngerstrasse 288292 NeudauAustria Tel\u00e9fono: +43 3383 30301Correo electr\u00f3nico: office@packnatur.atInternet: www.packnatur.at N.\u00ba de licencia de ARA: 24962\u00d6NACE: C13.94-0 N\u00famero de IVA: ATU 74007004N.\u00ba registro de empresa: 504659x, foro competente Landesgericht f\u00fcr Zivilrechtssachen Graz N.\u00ba EORI: ATEOS1000129820 Banco: Stmk. Bank u. Sparkassen AG GrazN.\u00ba DE CUENTA: 4300-901537C\u00d3DIGO BANCARIO: 20815IBAN: AT072081504300901537SWIFT \/ BIC: STSPAT2G Objeto de la [&hellip;]<\/p>\n","protected":false},"author":8,"featured_media":0,"parent":0,"menu_order":0,"comment_status":"closed","ping_status":"closed","template":"","meta":{"_acf_changed":false,"inline_featured_image":false,"footnotes":""},"class_list":["post-3314","page","type-page","status-publish","hentry"],"acf":[],"yoast_head":"<!-- This site is optimized with the Yoast SEO plugin v27.4 - https:\/\/yoast.com\/product\/yoast-seo-wordpress\/ -->\n<title>Aviso legal - Packnatur<\/title>\n<meta name=\"robots\" content=\"index, follow, max-snippet:-1, max-image-preview:large, max-video-preview:-1\" \/>\n<link rel=\"canonical\" href=\"https:\/\/packnatur.at\/es\/aviso-legal-y-terminos\/\" \/>\n<meta property=\"og:locale\" content=\"es_ES\" \/>\n<meta property=\"og:type\" content=\"article\" \/>\n<meta property=\"og:title\" content=\"Aviso legal - Packnatur\" \/>\n<meta property=\"og:description\" content=\"PACKNATUR GMBHAngerstrasse 288292 NeudauAustria Tel\u00e9fono: +43 3383 30301Correo electr\u00f3nico: office@packnatur.atInternet: www.packnatur.at N.\u00ba de licencia de ARA: 24962\u00d6NACE: C13.94-0 N\u00famero de IVA: ATU 74007004N.\u00ba registro de empresa: 504659x, foro competente Landesgericht f\u00fcr Zivilrechtssachen Graz N.\u00ba EORI: ATEOS1000129820 Banco: Stmk. Bank u. Sparkassen AG GrazN.\u00ba DE CUENTA: 4300-901537C\u00d3DIGO BANCARIO: 20815IBAN: AT072081504300901537SWIFT \/ BIC: STSPAT2G Objeto de la [&hellip;]\" \/>\n<meta property=\"og:url\" content=\"https:\/\/packnatur.at\/es\/aviso-legal-y-terminos\/\" \/>\n<meta property=\"og:site_name\" content=\"Packnatur\" \/>\n<meta property=\"article:modified_time\" content=\"2024-09-23T13:43:22+00:00\" \/>\n<meta name=\"twitter:card\" content=\"summary_large_image\" \/>\n<meta name=\"twitter:label1\" content=\"Est. reading time\" \/>\n\t<meta name=\"twitter:data1\" content=\"1 minute\" \/>\n<script type=\"application\/ld+json\" class=\"yoast-schema-graph\">{\"@context\":\"https:\\\/\\\/schema.org\",\"@graph\":[{\"@type\":\"WebPage\",\"@id\":\"https:\\\/\\\/packnatur.at\\\/es\\\/aviso-legal-y-terminos\\\/\",\"url\":\"https:\\\/\\\/packnatur.at\\\/es\\\/aviso-legal-y-terminos\\\/\",\"name\":\"Aviso legal - Packnatur\",\"isPartOf\":{\"@id\":\"https:\\\/\\\/packnatur.at\\\/es\\\/#website\"},\"datePublished\":\"2020-11-27T11:10:18+00:00\",\"dateModified\":\"2024-09-23T13:43:22+00:00\",\"breadcrumb\":{\"@id\":\"https:\\\/\\\/packnatur.at\\\/es\\\/aviso-legal-y-terminos\\\/#breadcrumb\"},\"inLanguage\":\"es-ES\",\"potentialAction\":[{\"@type\":\"ReadAction\",\"target\":[\"https:\\\/\\\/packnatur.at\\\/es\\\/aviso-legal-y-terminos\\\/\"]}]},{\"@type\":\"BreadcrumbList\",\"@id\":\"https:\\\/\\\/packnatur.at\\\/es\\\/aviso-legal-y-terminos\\\/#breadcrumb\",\"itemListElement\":[{\"@type\":\"ListItem\",\"position\":1,\"name\":\"Home\",\"item\":\"https:\\\/\\\/packnatur.at\\\/es\\\/\"},{\"@type\":\"ListItem\",\"position\":2,\"name\":\"Aviso legal\"}]},{\"@type\":\"WebSite\",\"@id\":\"https:\\\/\\\/packnatur.at\\\/es\\\/#website\",\"url\":\"https:\\\/\\\/packnatur.at\\\/es\\\/\",\"name\":\"Packnatur\",\"description\":\"von Natur aus\",\"publisher\":{\"@id\":\"https:\\\/\\\/packnatur.at\\\/es\\\/#organization\"},\"potentialAction\":[{\"@type\":\"SearchAction\",\"target\":{\"@type\":\"EntryPoint\",\"urlTemplate\":\"https:\\\/\\\/packnatur.at\\\/es\\\/?s={search_term_string}\"},\"query-input\":{\"@type\":\"PropertyValueSpecification\",\"valueRequired\":true,\"valueName\":\"search_term_string\"}}],\"inLanguage\":\"es-ES\"},{\"@type\":\"Organization\",\"@id\":\"https:\\\/\\\/packnatur.at\\\/es\\\/#organization\",\"name\":\"Packnatur\",\"url\":\"https:\\\/\\\/packnatur.at\\\/es\\\/\",\"logo\":{\"@type\":\"ImageObject\",\"inLanguage\":\"es-ES\",\"@id\":\"https:\\\/\\\/packnatur.at\\\/es\\\/#\\\/schema\\\/logo\\\/image\\\/\",\"url\":\"https:\\\/\\\/packnatur.at\\\/wp-content\\\/uploads\\\/2020\\\/07\\\/cropped-logo.png\",\"contentUrl\":\"https:\\\/\\\/packnatur.at\\\/wp-content\\\/uploads\\\/2020\\\/07\\\/cropped-logo.png\",\"width\":994,\"height\":295,\"caption\":\"Packnatur\"},\"image\":{\"@id\":\"https:\\\/\\\/packnatur.at\\\/es\\\/#\\\/schema\\\/logo\\\/image\\\/\"}}]}<\/script>\n<!-- \/ Yoast SEO plugin. -->","yoast_head_json":{"title":"Aviso legal - Packnatur","robots":{"index":"index","follow":"follow","max-snippet":"max-snippet:-1","max-image-preview":"max-image-preview:large","max-video-preview":"max-video-preview:-1"},"canonical":"https:\/\/packnatur.at\/es\/aviso-legal-y-terminos\/","og_locale":"es_ES","og_type":"article","og_title":"Aviso legal - Packnatur","og_description":"PACKNATUR GMBHAngerstrasse 288292 NeudauAustria Tel\u00e9fono: +43 3383 30301Correo electr\u00f3nico: office@packnatur.atInternet: www.packnatur.at N.\u00ba de licencia de ARA: 24962\u00d6NACE: C13.94-0 N\u00famero de IVA: ATU 74007004N.\u00ba registro de empresa: 504659x, foro competente Landesgericht f\u00fcr Zivilrechtssachen Graz N.\u00ba EORI: ATEOS1000129820 Banco: Stmk. Bank u. Sparkassen AG GrazN.\u00ba DE CUENTA: 4300-901537C\u00d3DIGO BANCARIO: 20815IBAN: AT072081504300901537SWIFT \/ BIC: STSPAT2G Objeto de la [&hellip;]","og_url":"https:\/\/packnatur.at\/es\/aviso-legal-y-terminos\/","og_site_name":"Packnatur","article_modified_time":"2024-09-23T13:43:22+00:00","twitter_card":"summary_large_image","twitter_misc":{"Est. reading time":"1 minute"},"schema":{"@context":"https:\/\/schema.org","@graph":[{"@type":"WebPage","@id":"https:\/\/packnatur.at\/es\/aviso-legal-y-terminos\/","url":"https:\/\/packnatur.at\/es\/aviso-legal-y-terminos\/","name":"Aviso legal - Packnatur","isPartOf":{"@id":"https:\/\/packnatur.at\/es\/#website"},"datePublished":"2020-11-27T11:10:18+00:00","dateModified":"2024-09-23T13:43:22+00:00","breadcrumb":{"@id":"https:\/\/packnatur.at\/es\/aviso-legal-y-terminos\/#breadcrumb"},"inLanguage":"es-ES","potentialAction":[{"@type":"ReadAction","target":["https:\/\/packnatur.at\/es\/aviso-legal-y-terminos\/"]}]},{"@type":"BreadcrumbList","@id":"https:\/\/packnatur.at\/es\/aviso-legal-y-terminos\/#breadcrumb","itemListElement":[{"@type":"ListItem","position":1,"name":"Home","item":"https:\/\/packnatur.at\/es\/"},{"@type":"ListItem","position":2,"name":"Aviso legal"}]},{"@type":"WebSite","@id":"https:\/\/packnatur.at\/es\/#website","url":"https:\/\/packnatur.at\/es\/","name":"Packnatur","description":"von Natur aus","publisher":{"@id":"https:\/\/packnatur.at\/es\/#organization"},"potentialAction":[{"@type":"SearchAction","target":{"@type":"EntryPoint","urlTemplate":"https:\/\/packnatur.at\/es\/?s={search_term_string}"},"query-input":{"@type":"PropertyValueSpecification","valueRequired":true,"valueName":"search_term_string"}}],"inLanguage":"es-ES"},{"@type":"Organization","@id":"https:\/\/packnatur.at\/es\/#organization","name":"Packnatur","url":"https:\/\/packnatur.at\/es\/","logo":{"@type":"ImageObject","inLanguage":"es-ES","@id":"https:\/\/packnatur.at\/es\/#\/schema\/logo\/image\/","url":"https:\/\/packnatur.at\/wp-content\/uploads\/2020\/07\/cropped-logo.png","contentUrl":"https:\/\/packnatur.at\/wp-content\/uploads\/2020\/07\/cropped-logo.png","width":994,"height":295,"caption":"Packnatur"},"image":{"@id":"https:\/\/packnatur.at\/es\/#\/schema\/logo\/image\/"}}]}},"_links":{"self":[{"href":"https:\/\/packnatur.at\/es\/wp-json\/wp\/v2\/pages\/3314","targetHints":{"allow":["GET"]}}],"collection":[{"href":"https:\/\/packnatur.at\/es\/wp-json\/wp\/v2\/pages"}],"about":[{"href":"https:\/\/packnatur.at\/es\/wp-json\/wp\/v2\/types\/page"}],"author":[{"embeddable":true,"href":"https:\/\/packnatur.at\/es\/wp-json\/wp\/v2\/users\/8"}],"replies":[{"embeddable":true,"href":"https:\/\/packnatur.at\/es\/wp-json\/wp\/v2\/comments?post=3314"}],"version-history":[{"count":10,"href":"https:\/\/packnatur.at\/es\/wp-json\/wp\/v2\/pages\/3314\/revisions"}],"predecessor-version":[{"id":9996,"href":"https:\/\/packnatur.at\/es\/wp-json\/wp\/v2\/pages\/3314\/revisions\/9996"}],"wp:attachment":[{"href":"https:\/\/packnatur.at\/es\/wp-json\/wp\/v2\/media?parent=3314"}],"curies":[{"name":"wp","href":"https:\/\/api.w.org\/{rel}","templated":true}]}}