{"id":3316,"date":"2020-11-27T12:10:35","date_gmt":"2020-11-27T11:10:35","guid":{"rendered":"https:\/\/packnatur.at\/?page_id=3316"},"modified":"2024-07-04T12:42:53","modified_gmt":"2024-07-04T10:42:53","slug":"proteccion-de-datos","status":"publish","type":"page","link":"https:\/\/packnatur.at\/es\/proteccion-de-datos\/","title":{"rendered":"Protecci\u00f3n de datos"},"content":{"rendered":"\n<h2 class=\"wp-block-heading\" id=\"politica-de-proteccion-de-datos\">POL\u00cdTICA DE PROTECCI\u00d3N DE DATOS<\/h2>\n\n\n\n<h3 class=\"wp-block-heading\" id=\"base-legal\">BASE LEGAL<\/h3>\n\n\n\n<p>El Reglamento General de Protecci\u00f3n de Datos de la UE, la Ley de protecci\u00f3n de datos de 2000, as\u00ed como la Enmienda de la ley de protecci\u00f3n de datos de 2018 cubren el derecho a la protecci\u00f3n de los datos personales. Procesamos sus datos exclusivamente sobre la base de las disposiciones legales (RGPD, DSG 2018, TKG 2003).<\/p>\n\n\n\n<h3 class=\"wp-block-heading\" id=\"consideraciones-fundamentales\">Consideraciones fundamentales<\/h3>\n\n\n\n<p>Responsable es Packnatur GmbH, tlf. +43 3383 30301 \u2013 e-mail: office@packnatur.at<\/p>\n\n\n\n<p>Para nosotros es fundamental proteger y conservar de forma segura todos los datos personales que nos conf\u00eden. Este documento le ofrece m\u00e1s informaci\u00f3n sobre c\u00f3mo usamos y procesamos sus datos personales.<\/p>\n\n\n\n<p>Finalidad, base legal, periodo de conservaci\u00f3n y destinatarios de los datos<\/p>\n\n\n\n<p>Necesitamos los datos personales obtenidos para procesar y transferir datos en el marco de las relaciones comerciales con clientes y proveedores, incluyendo los documentos generados y archivados de manera automatizada en este contexto. Para ello, obtenemos, guardamos, procesamos y usamos datos.<\/p>\n\n\n\n<p>La base legal para el procesamiento de sus datos personales est\u00e1 constituida, por un lado, por la ejecuci\u00f3n de contratos (p. ej., compras en l\u00ednea), intereses leg\u00edtimos, el cumplimiento de nuestras obligaciones legales o contractuales y, por otro, por su consentimiento (p. ej., formulario de contacto, bolet\u00edn informativo, cookies). La no aportaci\u00f3n de los datos puede tener distintas consecuencias.<\/p>\n\n\n\n<p>Procesamos sus datos personales, en la medida en que sea necesario, durante toda la relaci\u00f3n comercial (desde el celebraci\u00f3n de un contrato, pasando por la ejecuci\u00f3n, hasta su terminaci\u00f3n), as\u00ed como, posteriormente, conforme a las obligaciones legales de conservaci\u00f3n y documentaci\u00f3n derivadas, entre otros, del C\u00f3digo Empresarial austriaco (UGB), el Reglamento Fiscal Federal (BAO), as\u00ed como para la conclusi\u00f3n de cualquier litigio legal, la continuaci\u00f3n de plazos de garant\u00eda, etc.<\/p>\n\n\n\n<p>En el marco de la operaci\u00f3n de nuestro sitio web, contratamos a proveedores de servicios de software que, en el ejercicio de sus actividades, pueden tener acceso a sus datos personales, siempre que estos datos sean necesarios para prestar el servicio correspondiente. Dichos proveedores se han comprometido, frente a nosotros, a cumplir las disposiciones de protecci\u00f3n de datos vigentes. Se han celebrado contratos de prestaci\u00f3n de servicios conforme al art. 28 del RGPD. Puede solicitar m\u00e1s informaci\u00f3n sobre nuestros proveedores de servicios en office@packnatur.at.<\/p>\n\n\n\n<h3 class=\"wp-block-heading\" id=\"formulario-de-contacto\">Formulario de contacto<\/h3>\n\n\n\n<p>Recibimos sus datos, incluyendo los datos personales, procedentes de nuestro formulario de contacto, a trav\u00e9s de nuestro servidor, los procesamos y guardamos para la tramitaci\u00f3n de sus consultas. Estos datos no se obtienen ni transfieren sin su declaraci\u00f3n de consentimiento. Sin estos datos no podemos procesar sus consultas.<\/p>\n\n\n\n<p>Los datos se procesan sobre la base de las disposiciones legales de la secci\u00f3n 96, p\u00e1rr. 3 de la TKG, as\u00ed como del art. 6 apdo. 1 letra a (Consentimiento) del RGPD.<\/p>\n\n\n\n<h3 class=\"wp-block-heading\" id=\"boletin-informativo\">Bolet\u00edn informativo<\/h3>\n\n\n\n<p>Puede suscribirse a nuestro bolet\u00edn informativo en el sitio web. Sin comunicar estos datos no es posible enviarle nuestro bolet\u00edn informativo. Puede darse de baja de nuestro bolet\u00edn informativo pulsando en el enlace de baja que figura al final del bolet\u00edn informativo o d\u00e1ndose de baja en nuestro sitio web www.vpz.at\/newsletter.<\/p>\n\n\n\n<p>Para el env\u00edo de nuestro bolet\u00edn informativo contratamos a proveedores de servicios. Dichos proveedores se han comprometido, frente a nosotros, a cumplir las disposiciones de protecci\u00f3n de datos vigentes. Se ha celebrado un contrato de prestaci\u00f3n de servicios conforme al art. 28 del RGPD. Puede solicitar m\u00e1s informaci\u00f3n sobre nuestros proveedores de servicios en office@packnatur.at.<\/p>\n\n\n\n<p>Los datos se procesan sobre la base de las disposiciones legales de la secci\u00f3n 96, p\u00e1rr. 3 de la TKG, as\u00ed como del art. 6 apdo. 1 letra a (Consentimiento) del RGPD.<\/p>\n\n\n\n<h3 class=\"wp-block-heading\" id=\"cookies-otras-herramientas-de-seguimiento-y-de-analisis-en-la-red\">Cookies, otras herramientas de seguimiento y de an\u00e1lisis en la red<\/h3>\n\n\n\n<p>Le comunicamos que, en el marco de la visita a nuestro sitio web, usamos cookies para la realizaci\u00f3n del proceso de compra. En lo tocante al tipo de datos obtenidos y de la duraci\u00f3n de su almacenamiento, les remitimos a los apartados correspondientes de esta pol\u00edtica de protecci\u00f3n de datos. Nuestro servidor transfiere algunas de estas cookies a su sistema inform\u00e1tico, son las denominadas cookies de sesi\u00f3n. Estas cookies se borran de su disco duro al terminar la sesi\u00f3n del navegador. Otras cookies permanentes (de seguimiento) se mantienen en su sistema y nos permiten reconocer su ordenador en la siguiente visita. El tiempo de permanencia depende de los ajustes de su navegador de Internet. Tiene la posibilidad de aceptar o rechazar todas las cookies de todos los sitios web visitados modificando el ajuste en su navegador de Internet. Tenga en cuenta que algunas funciones de nuestro sitio web no estar\u00e1n disponibles si desactiva las cookies. Si no sabe c\u00f3mo modificar los ajustes de su navegador o c\u00f3mo borrar las cookies, lea las instrucciones de su navegador al respecto.<\/p>\n\n\n\n<p>Al usar nuestro sitio web acepta el uso de nuestras cookies. Puede rechazar las cookies en los ajustes de su navegador. Para saber c\u00f3mo, consulte las instrucciones de la empresa responsable de su navegador. Si decide no aceptar determinadas cookies t\u00e9cnicas y\/ funcionales, la funcionalidad de nuestro sitio web se puede ver restringida. Algunas cookies se mantienen guardadas en su terminal hasta que las borre.<\/p>\n\n\n\n<p>Hemos celebrado un contrato sobre el procesamiento de los datos con los proveedores correspondientes. Dichos proveedores se han comprometido, frente a nosotros, a cumplir las disposiciones de protecci\u00f3n de datos vigentes. Puede solicitar m\u00e1s informaci\u00f3n sobre nuestros proveedores de servicios en office@packnatur.at.<\/p>\n\n\n\n<p>Su direcci\u00f3n IP se registra, pero se pseudonimiza inmediatamente. Con ello, solo se posibilita una localizaci\u00f3n aproximada.<\/p>\n\n\n\n<p>Los datos se procesan sobre la base de las disposiciones legales de la secci\u00f3n 96, p\u00e1rr. 3 de la TKG, as\u00ed como del art. 6 del RGPD (particularmente, la secci\u00f3n Consentimiento). Para nosotros, la esfera privada de nuestros usuarios es importante, por lo que los datos de los usuarios se pseudonimizan. <a href=\"https:\/\/packnatur.at\/de\/cookie-policy\/\">Details<\/a><\/p>\n\n\n\n<h3 class=\"wp-block-heading\" id=\"consentimiento-y-derecho-de-revocacion\">Consentimiento y derecho de revocaci\u00f3n<\/h3>\n\n\n\n<p>Si se requiere su consentimiento para procesar sus datos, no los procesaremos hasta contar con su consentimiento expreso.<\/p>\n\n\n\n<p>En principio, no procesamos datos de personas menores de edad, ni estamos autorizados a hacerlo. Al darnos su consentimiento, confirma que ha cumplido los 14 a\u00f1os de edad o que cuenta con el consentimiento de su representante legal.<\/p>\n\n\n\n<p>Puede revocar su consentimiento en cualquier momento dirigi\u00e9ndose a la siguiente direcci\u00f3n de correo electr\u00f3nico: office@packnatur.at\u00a0 En tal caso, sus datos que tengamos guardados hasta ese momento se anonimizan y, en adelante, solo se usar\u00e1n con fines estad\u00edsticos, sin referencia a la persona. La revocaci\u00f3n del consentimiento no afecta a la legalidad del procesamiento efectuado hasta el momento de la revocaci\u00f3n sobre la base de su consentimiento.<\/p>\n\n\n\n<h3 class=\"wp-block-heading\" id=\"seguridad-de-los-datos\">Seguridad de los datos<\/h3>\n\n\n\n<p>Packnatur GmbH aplica medidas de seguridad t\u00e9cnicas y organizativas para proteger los datos personales guardados contra su posible manipulaci\u00f3n, p\u00e9rdida o destrucci\u00f3n intencionada o casual, as\u00ed como contra el acceso de personas no autorizadas. Nuestras medidas de seguridad se someten a mejoras continuas en l\u00ednea con el avance de la t\u00e9cnica.<\/p>\n\n\n\n<h3 class=\"wp-block-heading\" id=\"sus-derechos\">Sus derechos<\/h3>\n\n\n\n<p>Tiene derecho, en todo momento, a recibir informaci\u00f3n de Packnatur GmbH (correo electr\u00f3nico: office@packnatur.at) sobre los datos personales pertinentes. En la medida en que no exista obligaci\u00f3n legal de conservaci\u00f3n, tiene derecho a la eliminaci\u00f3n de estos datos, as\u00ed como a oponerse a su procesamiento. Asimismo, tiene derecho a corregir los datos y a limitar su procesamiento, a la transferibilidad de sus datos y a presentar reclamaciones frente a las autoridades austriacas de protecci\u00f3n de datos (Wickenburggasse 8-10, 1080 Viena, correo electr\u00f3nico: dsb@dsb.gv.at).<\/p>\n\n\n\n<p>En los temas relacionados con sus derechos, dir\u00edjase a nuestra direcci\u00f3n office@packnatur.at o escriba a:<\/p>\n\n\n\n<p>Packnatur GmbH<br>Angerstrasse 28<br>A-8292 Neudau<\/p>\n","protected":false},"excerpt":{"rendered":"<p>POL\u00cdTICA DE PROTECCI\u00d3N DE DATOS BASE LEGAL El Reglamento General de Protecci\u00f3n de Datos de la UE, la Ley de protecci\u00f3n de datos de 2000, as\u00ed como la Enmienda de la ley de protecci\u00f3n de datos de 2018 cubren el derecho a la protecci\u00f3n de los datos personales. Procesamos sus datos exclusivamente sobre la base [&hellip;]<\/p>\n","protected":false},"author":8,"featured_media":0,"parent":0,"menu_order":0,"comment_status":"closed","ping_status":"closed","template":"","meta":{"_acf_changed":false,"inline_featured_image":false,"footnotes":""},"class_list":["post-3316","page","type-page","status-publish","hentry"],"acf":[],"yoast_head":"<!-- This site is optimized with the Yoast SEO plugin v27.4 - https:\/\/yoast.com\/product\/yoast-seo-wordpress\/ -->\n<title>Protecci\u00f3n de datos - Packnatur<\/title>\n<meta name=\"robots\" content=\"index, follow, max-snippet:-1, max-image-preview:large, max-video-preview:-1\" \/>\n<link rel=\"canonical\" href=\"https:\/\/packnatur.at\/es\/proteccion-de-datos\/\" \/>\n<meta property=\"og:locale\" content=\"es_ES\" \/>\n<meta property=\"og:type\" content=\"article\" \/>\n<meta property=\"og:title\" content=\"Protecci\u00f3n de datos - Packnatur\" \/>\n<meta property=\"og:description\" content=\"POL\u00cdTICA DE PROTECCI\u00d3N DE DATOS BASE LEGAL El Reglamento General de Protecci\u00f3n de Datos de la UE, la Ley de protecci\u00f3n de datos de 2000, as\u00ed como la Enmienda de la ley de protecci\u00f3n de datos de 2018 cubren el derecho a la protecci\u00f3n de los datos personales. Procesamos sus datos exclusivamente sobre la base [&hellip;]\" \/>\n<meta property=\"og:url\" content=\"https:\/\/packnatur.at\/es\/proteccion-de-datos\/\" \/>\n<meta property=\"og:site_name\" content=\"Packnatur\" \/>\n<meta property=\"article:modified_time\" content=\"2024-07-04T10:42:53+00:00\" \/>\n<meta name=\"twitter:card\" content=\"summary_large_image\" \/>\n<meta name=\"twitter:label1\" content=\"Est. reading time\" \/>\n\t<meta name=\"twitter:data1\" content=\"6 minutes\" \/>\n<script type=\"application\/ld+json\" class=\"yoast-schema-graph\">{\"@context\":\"https:\\\/\\\/schema.org\",\"@graph\":[{\"@type\":\"WebPage\",\"@id\":\"https:\\\/\\\/packnatur.at\\\/es\\\/proteccion-de-datos\\\/\",\"url\":\"https:\\\/\\\/packnatur.at\\\/es\\\/proteccion-de-datos\\\/\",\"name\":\"Protecci\u00f3n de datos - Packnatur\",\"isPartOf\":{\"@id\":\"https:\\\/\\\/packnatur.at\\\/es\\\/#website\"},\"datePublished\":\"2020-11-27T11:10:35+00:00\",\"dateModified\":\"2024-07-04T10:42:53+00:00\",\"breadcrumb\":{\"@id\":\"https:\\\/\\\/packnatur.at\\\/es\\\/proteccion-de-datos\\\/#breadcrumb\"},\"inLanguage\":\"es-ES\",\"potentialAction\":[{\"@type\":\"ReadAction\",\"target\":[\"https:\\\/\\\/packnatur.at\\\/es\\\/proteccion-de-datos\\\/\"]}]},{\"@type\":\"BreadcrumbList\",\"@id\":\"https:\\\/\\\/packnatur.at\\\/es\\\/proteccion-de-datos\\\/#breadcrumb\",\"itemListElement\":[{\"@type\":\"ListItem\",\"position\":1,\"name\":\"Home\",\"item\":\"https:\\\/\\\/packnatur.at\\\/es\\\/\"},{\"@type\":\"ListItem\",\"position\":2,\"name\":\"Protecci\u00f3n de datos\"}]},{\"@type\":\"WebSite\",\"@id\":\"https:\\\/\\\/packnatur.at\\\/es\\\/#website\",\"url\":\"https:\\\/\\\/packnatur.at\\\/es\\\/\",\"name\":\"Packnatur\",\"description\":\"von Natur aus\",\"publisher\":{\"@id\":\"https:\\\/\\\/packnatur.at\\\/es\\\/#organization\"},\"potentialAction\":[{\"@type\":\"SearchAction\",\"target\":{\"@type\":\"EntryPoint\",\"urlTemplate\":\"https:\\\/\\\/packnatur.at\\\/es\\\/?s={search_term_string}\"},\"query-input\":{\"@type\":\"PropertyValueSpecification\",\"valueRequired\":true,\"valueName\":\"search_term_string\"}}],\"inLanguage\":\"es-ES\"},{\"@type\":\"Organization\",\"@id\":\"https:\\\/\\\/packnatur.at\\\/es\\\/#organization\",\"name\":\"Packnatur\",\"url\":\"https:\\\/\\\/packnatur.at\\\/es\\\/\",\"logo\":{\"@type\":\"ImageObject\",\"inLanguage\":\"es-ES\",\"@id\":\"https:\\\/\\\/packnatur.at\\\/es\\\/#\\\/schema\\\/logo\\\/image\\\/\",\"url\":\"https:\\\/\\\/packnatur.at\\\/wp-content\\\/uploads\\\/2020\\\/07\\\/cropped-logo.png\",\"contentUrl\":\"https:\\\/\\\/packnatur.at\\\/wp-content\\\/uploads\\\/2020\\\/07\\\/cropped-logo.png\",\"width\":994,\"height\":295,\"caption\":\"Packnatur\"},\"image\":{\"@id\":\"https:\\\/\\\/packnatur.at\\\/es\\\/#\\\/schema\\\/logo\\\/image\\\/\"}}]}<\/script>\n<!-- \/ Yoast SEO plugin. -->","yoast_head_json":{"title":"Protecci\u00f3n de datos - Packnatur","robots":{"index":"index","follow":"follow","max-snippet":"max-snippet:-1","max-image-preview":"max-image-preview:large","max-video-preview":"max-video-preview:-1"},"canonical":"https:\/\/packnatur.at\/es\/proteccion-de-datos\/","og_locale":"es_ES","og_type":"article","og_title":"Protecci\u00f3n de datos - Packnatur","og_description":"POL\u00cdTICA DE PROTECCI\u00d3N DE DATOS BASE LEGAL El Reglamento General de Protecci\u00f3n de Datos de la UE, la Ley de protecci\u00f3n de datos de 2000, as\u00ed como la Enmienda de la ley de protecci\u00f3n de datos de 2018 cubren el derecho a la protecci\u00f3n de los datos personales. Procesamos sus datos exclusivamente sobre la base [&hellip;]","og_url":"https:\/\/packnatur.at\/es\/proteccion-de-datos\/","og_site_name":"Packnatur","article_modified_time":"2024-07-04T10:42:53+00:00","twitter_card":"summary_large_image","twitter_misc":{"Est. reading time":"6 minutes"},"schema":{"@context":"https:\/\/schema.org","@graph":[{"@type":"WebPage","@id":"https:\/\/packnatur.at\/es\/proteccion-de-datos\/","url":"https:\/\/packnatur.at\/es\/proteccion-de-datos\/","name":"Protecci\u00f3n de datos - Packnatur","isPartOf":{"@id":"https:\/\/packnatur.at\/es\/#website"},"datePublished":"2020-11-27T11:10:35+00:00","dateModified":"2024-07-04T10:42:53+00:00","breadcrumb":{"@id":"https:\/\/packnatur.at\/es\/proteccion-de-datos\/#breadcrumb"},"inLanguage":"es-ES","potentialAction":[{"@type":"ReadAction","target":["https:\/\/packnatur.at\/es\/proteccion-de-datos\/"]}]},{"@type":"BreadcrumbList","@id":"https:\/\/packnatur.at\/es\/proteccion-de-datos\/#breadcrumb","itemListElement":[{"@type":"ListItem","position":1,"name":"Home","item":"https:\/\/packnatur.at\/es\/"},{"@type":"ListItem","position":2,"name":"Protecci\u00f3n de datos"}]},{"@type":"WebSite","@id":"https:\/\/packnatur.at\/es\/#website","url":"https:\/\/packnatur.at\/es\/","name":"Packnatur","description":"von Natur aus","publisher":{"@id":"https:\/\/packnatur.at\/es\/#organization"},"potentialAction":[{"@type":"SearchAction","target":{"@type":"EntryPoint","urlTemplate":"https:\/\/packnatur.at\/es\/?s={search_term_string}"},"query-input":{"@type":"PropertyValueSpecification","valueRequired":true,"valueName":"search_term_string"}}],"inLanguage":"es-ES"},{"@type":"Organization","@id":"https:\/\/packnatur.at\/es\/#organization","name":"Packnatur","url":"https:\/\/packnatur.at\/es\/","logo":{"@type":"ImageObject","inLanguage":"es-ES","@id":"https:\/\/packnatur.at\/es\/#\/schema\/logo\/image\/","url":"https:\/\/packnatur.at\/wp-content\/uploads\/2020\/07\/cropped-logo.png","contentUrl":"https:\/\/packnatur.at\/wp-content\/uploads\/2020\/07\/cropped-logo.png","width":994,"height":295,"caption":"Packnatur"},"image":{"@id":"https:\/\/packnatur.at\/es\/#\/schema\/logo\/image\/"}}]}},"_links":{"self":[{"href":"https:\/\/packnatur.at\/es\/wp-json\/wp\/v2\/pages\/3316","targetHints":{"allow":["GET"]}}],"collection":[{"href":"https:\/\/packnatur.at\/es\/wp-json\/wp\/v2\/pages"}],"about":[{"href":"https:\/\/packnatur.at\/es\/wp-json\/wp\/v2\/types\/page"}],"author":[{"embeddable":true,"href":"https:\/\/packnatur.at\/es\/wp-json\/wp\/v2\/users\/8"}],"replies":[{"embeddable":true,"href":"https:\/\/packnatur.at\/es\/wp-json\/wp\/v2\/comments?post=3316"}],"version-history":[{"count":6,"href":"https:\/\/packnatur.at\/es\/wp-json\/wp\/v2\/pages\/3316\/revisions"}],"predecessor-version":[{"id":9468,"href":"https:\/\/packnatur.at\/es\/wp-json\/wp\/v2\/pages\/3316\/revisions\/9468"}],"wp:attachment":[{"href":"https:\/\/packnatur.at\/es\/wp-json\/wp\/v2\/media?parent=3316"}],"curies":[{"name":"wp","href":"https:\/\/api.w.org\/{rel}","templated":true}]}}