{"id":3346,"date":"2020-11-27T13:01:42","date_gmt":"2020-11-27T12:01:42","guid":{"rendered":"https:\/\/packnatur.at\/?page_id=3346"},"modified":"2024-09-23T13:55:42","modified_gmt":"2024-09-23T11:55:42","slug":"innovacion","status":"publish","type":"page","link":"https:\/\/packnatur.at\/es\/innovacion\/","title":{"rendered":"Innovaci\u00f3n"},"content":{"rendered":"<div id=\"block_title_with_image-block_5f61f4531a1ca\" class=\"block_title_with_image\">\n                        \n<div class=\"block-title-with-image__background-container\">\n    <div class=\"block-title-with-image__background\" style=\"background-color: #d2dedf;\"><\/div>\n    <div class=\"container\">\n        <div class=\"row\">\n            <div class=\"block-title-with-image-content\">\n                                    <div class=\"block-title-with-image__subtitle\">POR NATURALEZA<\/div>\n                                                    <h1 class=\"block-title-with-image__title\">Innovadores <\/h1>\n                                                <div class=\"block-title-with-image__image-container\">\n                        <div class=\"img\" style='background-image: url(\"https:\/\/packnatur.at\/wp-content\/uploads\/2020\/10\/M3A5161.jpg\"); background-repeat: no-repeat; background-position: center; background-size: cover; '><\/div>\n                <\/div>\n            <\/div>\n        <\/div>\n    <\/div>\n<\/div>\n            \n<div class=\"container\">\n    <div class=\"row\">\n        <div class=\"block-title-with-image-content\">\n\n            \n                            <div class=\"block-title-with-image__intro\">La curiosidad nos impulsa y la investigaci\u00f3n es nuestra mayor pasi\u00f3n.<br \/>\r\nEstamos encantados de afrontar el reto de repensar, porque solo as\u00ed podemos lograr un cambio. Cuestionamos las cosas como son y reflexionamos sobre c\u00f3mo mejorarlas.<\/div>\n            \n            \n        <\/div>\n    <\/div>\n<\/div><\/div>\n\n<div id=\"block_images_in_one_line-block_5f61f76a01c9c\" class=\"block_images_in_one_line\">\n            <div class=\"block_images_in_one_line__inner-container\">\n                            <div class=\"block_images_in_one_line__image-container\">\n                    <img decoding=\"async\" src=\"https:\/\/packnatur.at\/wp-content\/uploads\/2020\/10\/M3A5115.jpg\"\/>\n                <\/div>\n                            <div class=\"block_images_in_one_line__image-container\">\n                    <img decoding=\"async\" src=\"https:\/\/packnatur.at\/wp-content\/uploads\/2020\/10\/P4A1247.jpg\"\/>\n                <\/div>\n                            <div class=\"block_images_in_one_line__image-container\">\n                    <img decoding=\"async\" src=\"https:\/\/packnatur.at\/wp-content\/uploads\/2020\/10\/R5A9651.jpg\"\/>\n                <\/div>\n                    <\/div>\n    <\/div>\n\n\n<div class=\"wp-block-columns is-layout-flex wp-container-core-columns-is-layout-9d6595d7 wp-block-columns-is-layout-flex\">\n<div class=\"wp-block-column is-layout-flow wp-block-column-is-layout-flow\">\n<p>Desde hace 25 a\u00f1os, investigamos con materias primas biog\u00e9nicas, buscando siempre la mejor soluci\u00f3n para el ser humano y el medio ambiente. Nuestra dilatada experiencia no solo nos convierte en l\u00edderes en el mercado, sino en EL centro de competencia para embalajes textiles. Los mejores embalajes de malla de fibras con tintura en masa salen de nuestras instalaciones. Contamos, adem\u00e1s, con las ideas de una red de investigadores, ingenieros textiles y de construcci\u00f3n de maquinaria, dise\u00f1adores y socios innovadores. El resultado son innovaciones constantes en embalajes elaborados a partir de fibras de celulosa, que aunamos con competencia y fiabilidad en la aplicaci\u00f3n y en el desarrollo con nuestros clientes.<\/p>\n<\/div>\n\n\n\n<div class=\"wp-block-column is-layout-flow wp-block-column-is-layout-flow\">\n<p>Es algo que valoran las cadenas de supermercados y las empresas de comercio internacional, as\u00ed como los agricultores nacionales y los comercios locales de venta directa por igual. Nuestras soluciones son pr\u00e1cticas y f\u00e1ciles de usar por nuestros clientes. Por este motivo, nuestra malla tubular es perfecta para la maquinaria de que disponen, sin grandes inversiones ni conversiones.<\/p>\n<\/div>\n<\/div>\n\n\n\n<div class=\"wp-block-group images_full_width\"><div class=\"wp-block-group__inner-container is-layout-flow wp-block-group-is-layout-flow\">\n<div class=\"wp-block-columns is-layout-flex wp-container-core-columns-is-layout-9d6595d7 wp-block-columns-is-layout-flex\">\n<div class=\"wp-block-column is-layout-flow wp-block-column-is-layout-flow\">\n<div class=\"wp-block-group\"><div class=\"wp-block-group__inner-container is-layout-flow wp-block-group-is-layout-flow\">\n<div class=\"wp-block-image\"><figure class=\"aligncenter size-large is-resized\"><img loading=\"lazy\" decoding=\"async\" src=\"https:\/\/packnatur.at\/wp-content\/uploads\/\/2020\/10\/Icon1_Color.svg\" alt=\"\" class=\"wp-image-2083\" width=\"295\" height=\"210\"\/><\/figure><\/div>\n<\/div><\/div>\n<\/div>\n\n\n\n<div class=\"wp-block-column is-layout-flow wp-block-column-is-layout-flow\">\n<div class=\"wp-block-group\"><div class=\"wp-block-group__inner-container is-layout-flow wp-block-group-is-layout-flow\">\n<p class=\"font_subtitle_facts\">CURIOSOS<\/p>\n\n\n\n<p>Para nosotros, la investigaci\u00f3n de nuevos productos es algo casi natural, como las mallas. La raz\u00f3n es que no nos gusta esperar. Preferimos desarrollar nuestros propios productos y encontrar nuevas soluciones biog\u00e9nicas.<\/p>\n<\/div><\/div>\n<\/div>\n<\/div>\n\n\n\n<div class=\"wp-block-columns is-layout-flex wp-container-core-columns-is-layout-9d6595d7 wp-block-columns-is-layout-flex\">\n<div class=\"wp-block-column is-vertically-aligned-center is-layout-flow wp-block-column-is-layout-flow\">\n<div class=\"wp-block-group\"><div class=\"wp-block-group__inner-container is-layout-flow wp-block-group-is-layout-flow\">\n<figure class=\"wp-block-image size-large is-resized\"><img loading=\"lazy\" decoding=\"async\" src=\"https:\/\/packnatur.at\/wp-content\/uploads\/\/2020\/10\/Icon2_Color.svg\" alt=\"\" class=\"wp-image-2087\" width=\"305\" height=\"219\"\/><\/figure>\n<\/div><\/div>\n<\/div>\n\n\n\n<div class=\"wp-block-column is-layout-flow wp-block-column-is-layout-flow\">\n<div class=\"wp-block-group\"><div class=\"wp-block-group__inner-container is-layout-flow wp-block-group-is-layout-flow\">\n<p class=\"font_subtitle_facts\">REDES PERFECTAS<\/p>\n\n\n\n<p>Como centro de competencia para embalajes textiles, mantenemos un constante di\u00e1logo con expertos de distintos \u00e1mbitos. Con ello, conseguimos innovaciones en embalajes y clientes satisfechos.<\/p>\n<\/div><\/div>\n<\/div>\n<\/div>\n\n\n\n<div class=\"wp-block-columns is-layout-flex wp-container-core-columns-is-layout-9d6595d7 wp-block-columns-is-layout-flex\">\n<div class=\"wp-block-column is-layout-flow wp-block-column-is-layout-flow\">\n<div class=\"wp-block-group\"><div class=\"wp-block-group__inner-container is-layout-flow wp-block-group-is-layout-flow\">\n<figure class=\"wp-block-image size-large is-resized\"><img loading=\"lazy\" decoding=\"async\" src=\"https:\/\/packnatur.at\/wp-content\/uploads\/\/2020\/10\/Icon3_Color.svg\" alt=\"\" class=\"wp-image-2091\" width=\"302\" height=\"217\"\/><\/figure>\n<\/div><\/div>\n<\/div>\n\n\n\n<div class=\"wp-block-column is-layout-flow wp-block-column-is-layout-flow\">\n<div class=\"wp-block-group\"><div class=\"wp-block-group__inner-container is-layout-flow wp-block-group-is-layout-flow\">\n<p class=\"font_subtitle_facts\">ORIENTADOS A LA APLICACI\u00d3N<\/p>\n\n\n\n<p>No solo pensamos en embalajes. Desarrollamos soluciones pr\u00e1cticas y pensamos junto con los clientes cuando se trata de poner en escena su marca y su producto de un modo que fomente sus ventas.<\/p>\n<\/div><\/div>\n<\/div>\n<\/div>\n\n\n\n<div class=\"wp-block-columns is-layout-flex wp-container-core-columns-is-layout-9d6595d7 wp-block-columns-is-layout-flex\">\n<div class=\"wp-block-column is-layout-flow wp-block-column-is-layout-flow\">\n<div class=\"wp-block-group\"><div class=\"wp-block-group__inner-container is-layout-flow wp-block-group-is-layout-flow\">\n<figure class=\"wp-block-image size-large is-resized\"><img loading=\"lazy\" decoding=\"async\" src=\"https:\/\/packnatur.at\/wp-content\/uploads\/\/2020\/10\/Icon4_Color.svg\" alt=\"\" class=\"wp-image-2095\" width=\"303\" height=\"218\"\/><\/figure>\n<\/div><\/div>\n<\/div>\n\n\n\n<div class=\"wp-block-column is-layout-flow wp-block-column-is-layout-flow\">\n<div class=\"wp-block-group\"><div class=\"wp-block-group__inner-container is-layout-flow wp-block-group-is-layout-flow\">\n<p class=\"font_subtitle_facts\">INDIVIDUALES<\/p>\n\n\n\n<p>Usted tiene una idea, nosotros tenemos un equipo de dise\u00f1adores que se encargar\u00e1 de que su soluci\u00f3n de envasado presente su empresa con eficacia.<\/p>\n<\/div><\/div>\n<\/div>\n<\/div>\n<\/div><\/div>\n\n\n<div id=\"block-facts-subtitle-block_5f61fadfc7a08\" class=\"block-facts-subtitle\">\n    <div class=\"block-facts-subtitle__subtitle \"><\/div>\n            <div class=\"block-facts-subtitle__titles\">\n            \n                <div class=\"block-facts-subtitle__titles_title\">\n                    C\u00f3mo una malla tubular <br \/>\r\nconquista el mundo                <\/div>\n                    <\/div>\n        <\/div>\n\n\n<p class=\"font_subtitle_facts has-medium-font-size\">\u00bfPatatas bio en <br>una bolsa <br>de pl\u00e1stico??<\/p>\n\n\n\n<p class=\"has-large-font-size\">No nos parece una buena combinaci\u00f3n. Por eso hemos buscado socios, con los que impulsar la investigaci\u00f3n y el desarrollo, para desarrollar y fabricar la primera malla tubular de fibras de celulosa. Desde entonces: \u00bfPatatas bio en una bolsa de pl\u00e1stico?<\/p>\n\n\n\n<p class=\"font_subtitle_facts has-medium-font-size\">\u00a1Ya no es <br>necesario! <\/p>\n\n\n\n<div class=\"wp-block-columns is-layout-flex wp-container-core-columns-is-layout-9d6595d7 wp-block-columns-is-layout-flex\">\n<div class=\"wp-block-column is-layout-flow wp-block-column-is-layout-flow\">\n<p>Durante mucho tiempo, la producci\u00f3n de embalajes ha estado dominada por el pl\u00e1stico. Un material que nunca estuvo a la altura de la fruta y la verdura fresca. Y no era, ni mucho menos, el embalaje adecuado. Queremos alejarnos del pl\u00e1stico y optar por embalajes compostables, reciclables, hechos a partir de materias primas biodegradables y por el cuidado de las materias primas f\u00f3siles. Por eso hemos desarrollado las mallas tubulares hechas de la fibra de celulosa LENZING\u2122 Modal. La materia prima para la malla tubular de celulosa PACKNATUR<sup>\u00ae<\/sup> procede de los bosques de hayas locales. La madera de haya procedente de silvicultura se procesa en la empresa austriaca Lenzing AG seg\u00fan los m\u00e1s altos est\u00e1ndares ambientales para producir las denominadas fibras Modal. Estas, a su vez, forman la base de nuestras mallas tubulares de celulosa PACKNATUR<sup>\u00ae<\/sup>.<\/p>\n<\/div>\n\n\n\n<div class=\"wp-block-column is-layout-flow wp-block-column-is-layout-flow\">\n<p>Hace a\u00f1os que ya se usan con \u00e9xito en muchas cadenas de supermercados l\u00edderes a escala internacional y no solo para envasar patatas bio. Nuestro camino no termina ah\u00ed, ni mucho menos. Nuestro centro de competencia para embalajes textiles trabaja continuamente en nuevas variantes y posibilidades de uso para la malla de celulosa. <\/p>\n\n\n\n<p><a href=\"https:\/\/packnatur.at\/de\/productos\/malla-tubular-de-celulosa\/\" data-type=\"page\" data-id=\"3331\">Aqu\u00ed encontrar\u00e1n<\/a> m\u00e1s informaci\u00f3n sobre nuestra revolucionaria innovaci\u00f3n: la malla tubular de celulosa PACKNATUR<sup>\u00ae<\/sup>.<\/p>\n<\/div>\n<\/div>\n\n\n<section id=\"block_5f9fd13179a09\" class=\"block-gallery\">\n\n    <div class=\"block-gallery__container\">\n        <div class=\"block-gallery__container-inner\">\n            <div id=\"gallery-nr-275\" class=\"block-gallery__gallery\" data-autoplay=\"\">\n                            <\/div>\n        <\/div>\n    <\/div>\n<\/section>\n\n\n<div id=\"journal_block_with_background_color-block_66a79c31ffa50\" class=\"journal_block_with_background_color\">\n    <div class=\"journal-block-with-background-color__background-container\">\n                    <div class=\"journal-block-with-background-color__no-background\" style=\"\"><\/div>\n                <div class=\"container\">\n            <div class=\"row\">\n                <div class=\"journal-block-with-background-color__content\">\n                                            <div class=\"journal-block-with-background-color__subtitle\">M\u00e1s proyectos Packnatur\u00ae:<\/div>\n                                                            <div class=\"journal-block-with-background-color__button-container\">\n                        <a class=\"button\" href=\"https:\/\/packnatur.at\/es\/journal\/\">Revista<\/a>\n                    <\/div>\n\n                    <div class=\"journal-block__posts-container\">\n                        <div class=\"journal-block__post-container\">\n                                                        \n<div class=\"journal-block__image\">\n    <a href=\"https:\/\/packnatur.at\/es\/ocean-harvest-bag-con-la-tecnologia-de-packnatur\/\">\n        <div class=\"img\" style='background-image: url(\"https:\/\/packnatur.at\/wp-content\/uploads\/2022\/05\/Eric-with-bags.jpg\"); background-repeat: no-repeat; background-position: center; background-size: cover; '><\/div>\n    <\/a>\n<\/div>\n<div class=\"journal-block__title\">\n    Ocean Harvest Bag\u2122 con la tecnolog\u00eda de Packnatur<sup>\u00ae<\/sup><\/div>\n<div class=\"journal-block__excerpt\">\n    <p>Ocean Farm Supply en Brunswick , EE.UU. es el distribuidor exclusivo de Ocean Harvest Bag<sup>\u00ae<\/sup> espec\u00edficamente dise\u00f1ado para la captura y distribuci\u00f3n de marisco, eliminando la necesidad de bolsas de malla de pl\u00e1stico de un solo uso. El concepto de Ocean Harvest Bags\u2122 fue creado y realizado en cooperaci\u00f3n con VPZ Packnatur<sup>\u00ae<\/sup>. Hubo que desarrollar una red especialmente resistente al desgarro para los mariscos duros y de bordes afilados.<\/p>\n<\/div>\n<div class=\"journal-block__link\">\n    <a href=\"https:\/\/packnatur.at\/es\/ocean-harvest-bag-con-la-tecnologia-de-packnatur\/\" class=\"button-outline\">Leer publicaci\u00f3n<\/a>\n<\/div>\n                        <\/div>\n                        <div class=\"journal-block__post-container\">\n                                                        \n<div class=\"journal-block__image\">\n    <a href=\"https:\/\/packnatur.at\/es\/packnatur-neudau-ampliacion-del-repertorio\/\">\n        <div class=\"img\" style='background-image: url(\"https:\/\/packnatur.at\/wp-content\/uploads\/2024\/06\/O8A8558-Web-4000px_klein.png\"); background-repeat: no-repeat; background-position: center; background-size: cover; '><\/div>\n    <\/a>\n<\/div>\n<div class=\"journal-block__title\">\n    Packnatur<sup>\u00ae<\/sup> Neudau ampl\u00eda su gama<\/div>\n<div class=\"journal-block__excerpt\">\n    <p>Nuestro parque de m\u00e1quinas en la f\u00e1brica Packnatur<sup>\u00ae<\/sup> de Neudau est\u00e1 creciendo y se ha ampliado para incluir nuestras \u00faltimas m\u00e1quinas de prueba. All\u00ed se est\u00e1n desarrollando diversificaciones de productos que permitir\u00e1n a a\u00fan m\u00e1s clientes de los m\u00e1s diversos \u00e1mbitos empresariales envasar sus productos ecol\u00f3gicamente en mallas de celulosa.<\/p>\n<\/div>\n<div class=\"journal-block__link\">\n    <a href=\"https:\/\/packnatur.at\/es\/packnatur-neudau-ampliacion-del-repertorio\/\" class=\"button-outline\">Leer publicaci\u00f3n<\/a>\n<\/div>\n                        <\/div>\n                    <\/div>\n                <\/div>\n            <\/div>\n        <\/div>\n    <\/div>\n<\/div>\n\n\n\n<h2 class=\"has-text-align-center wp-block-heading\" id=\"ecologia-economia-estetica\">Ecolog\u00eda.<br>Econom\u00eda.<br>Est\u00e9tica.<br><span class=\"packnatur-leaf\"><\/span><\/h2>\n\n\n\n<p class=\"has-text-align-center font_subtitle_facts\">NO ES TAN COMPLICADO.<\/p>\n","protected":false},"excerpt":{"rendered":"<p>Desde hace 25 a\u00f1os, investigamos con materias primas biog\u00e9nicas, buscando siempre la mejor soluci\u00f3n para el ser humano y el medio ambiente. Nuestra dilatada experiencia no solo nos convierte en l\u00edderes en el mercado, sino en EL centro de competencia para embalajes textiles. Los mejores embalajes de malla de fibras con tintura en masa salen [&hellip;]<\/p>\n","protected":false},"author":8,"featured_media":0,"parent":0,"menu_order":0,"comment_status":"closed","ping_status":"closed","template":"","meta":{"_acf_changed":false,"inline_featured_image":false,"footnotes":""},"class_list":["post-3346","page","type-page","status-publish","hentry"],"acf":[],"yoast_head":"<!-- This site is optimized with the Yoast SEO plugin v27.4 - https:\/\/yoast.com\/product\/yoast-seo-wordpress\/ -->\n<title>Innovaci\u00f3n - Packnatur<\/title>\n<meta name=\"robots\" content=\"index, follow, max-snippet:-1, max-image-preview:large, max-video-preview:-1\" \/>\n<link rel=\"canonical\" href=\"https:\/\/packnatur.at\/es\/innovacion\/\" \/>\n<meta property=\"og:locale\" content=\"es_ES\" \/>\n<meta property=\"og:type\" content=\"article\" \/>\n<meta property=\"og:title\" content=\"Innovaci\u00f3n - Packnatur\" \/>\n<meta property=\"og:description\" content=\"Desde hace 25 a\u00f1os, investigamos con materias primas biog\u00e9nicas, buscando siempre la mejor soluci\u00f3n para el ser humano y el medio ambiente. Nuestra dilatada experiencia no solo nos convierte en l\u00edderes en el mercado, sino en EL centro de competencia para embalajes textiles. Los mejores embalajes de malla de fibras con tintura en masa salen [&hellip;]\" \/>\n<meta property=\"og:url\" content=\"https:\/\/packnatur.at\/es\/innovacion\/\" \/>\n<meta property=\"og:site_name\" content=\"Packnatur\" \/>\n<meta property=\"article:modified_time\" content=\"2024-09-23T11:55:42+00:00\" \/>\n<meta property=\"og:image\" content=\"https:\/\/packnatur.at\/wp-content\/uploads\/\/2020\/10\/Icon1_Color.svg\" \/>\n<meta name=\"twitter:card\" content=\"summary_large_image\" \/>\n<meta name=\"twitter:label1\" content=\"Est. reading time\" \/>\n\t<meta name=\"twitter:data1\" content=\"4 minutes\" \/>\n<script type=\"application\/ld+json\" class=\"yoast-schema-graph\">{\"@context\":\"https:\\\/\\\/schema.org\",\"@graph\":[{\"@type\":\"WebPage\",\"@id\":\"https:\\\/\\\/packnatur.at\\\/es\\\/innovacion\\\/\",\"url\":\"https:\\\/\\\/packnatur.at\\\/es\\\/innovacion\\\/\",\"name\":\"Innovaci\u00f3n - Packnatur\",\"isPartOf\":{\"@id\":\"https:\\\/\\\/packnatur.at\\\/es\\\/#website\"},\"primaryImageOfPage\":{\"@id\":\"https:\\\/\\\/packnatur.at\\\/es\\\/innovacion\\\/#primaryimage\"},\"image\":{\"@id\":\"https:\\\/\\\/packnatur.at\\\/es\\\/innovacion\\\/#primaryimage\"},\"thumbnailUrl\":\"https:\\\/\\\/packnatur.at\\\/wp-content\\\/uploads\\\/\\\/2020\\\/10\\\/Icon1_Color.svg\",\"datePublished\":\"2020-11-27T12:01:42+00:00\",\"dateModified\":\"2024-09-23T11:55:42+00:00\",\"breadcrumb\":{\"@id\":\"https:\\\/\\\/packnatur.at\\\/es\\\/innovacion\\\/#breadcrumb\"},\"inLanguage\":\"es-ES\",\"potentialAction\":[{\"@type\":\"ReadAction\",\"target\":[\"https:\\\/\\\/packnatur.at\\\/es\\\/innovacion\\\/\"]}]},{\"@type\":\"ImageObject\",\"inLanguage\":\"es-ES\",\"@id\":\"https:\\\/\\\/packnatur.at\\\/es\\\/innovacion\\\/#primaryimage\",\"url\":\"https:\\\/\\\/packnatur.at\\\/wp-content\\\/uploads\\\/\\\/2020\\\/10\\\/Icon1_Color.svg\",\"contentUrl\":\"https:\\\/\\\/packnatur.at\\\/wp-content\\\/uploads\\\/\\\/2020\\\/10\\\/Icon1_Color.svg\"},{\"@type\":\"BreadcrumbList\",\"@id\":\"https:\\\/\\\/packnatur.at\\\/es\\\/innovacion\\\/#breadcrumb\",\"itemListElement\":[{\"@type\":\"ListItem\",\"position\":1,\"name\":\"Home\",\"item\":\"https:\\\/\\\/packnatur.at\\\/es\\\/\"},{\"@type\":\"ListItem\",\"position\":2,\"name\":\"Innovaci\u00f3n\"}]},{\"@type\":\"WebSite\",\"@id\":\"https:\\\/\\\/packnatur.at\\\/es\\\/#website\",\"url\":\"https:\\\/\\\/packnatur.at\\\/es\\\/\",\"name\":\"Packnatur\",\"description\":\"von Natur aus\",\"publisher\":{\"@id\":\"https:\\\/\\\/packnatur.at\\\/es\\\/#organization\"},\"potentialAction\":[{\"@type\":\"SearchAction\",\"target\":{\"@type\":\"EntryPoint\",\"urlTemplate\":\"https:\\\/\\\/packnatur.at\\\/es\\\/?s={search_term_string}\"},\"query-input\":{\"@type\":\"PropertyValueSpecification\",\"valueRequired\":true,\"valueName\":\"search_term_string\"}}],\"inLanguage\":\"es-ES\"},{\"@type\":\"Organization\",\"@id\":\"https:\\\/\\\/packnatur.at\\\/es\\\/#organization\",\"name\":\"Packnatur\",\"url\":\"https:\\\/\\\/packnatur.at\\\/es\\\/\",\"logo\":{\"@type\":\"ImageObject\",\"inLanguage\":\"es-ES\",\"@id\":\"https:\\\/\\\/packnatur.at\\\/es\\\/#\\\/schema\\\/logo\\\/image\\\/\",\"url\":\"https:\\\/\\\/packnatur.at\\\/wp-content\\\/uploads\\\/2020\\\/07\\\/cropped-logo.png\",\"contentUrl\":\"https:\\\/\\\/packnatur.at\\\/wp-content\\\/uploads\\\/2020\\\/07\\\/cropped-logo.png\",\"width\":994,\"height\":295,\"caption\":\"Packnatur\"},\"image\":{\"@id\":\"https:\\\/\\\/packnatur.at\\\/es\\\/#\\\/schema\\\/logo\\\/image\\\/\"}}]}<\/script>\n<!-- \/ Yoast SEO plugin. -->","yoast_head_json":{"title":"Innovaci\u00f3n - Packnatur","robots":{"index":"index","follow":"follow","max-snippet":"max-snippet:-1","max-image-preview":"max-image-preview:large","max-video-preview":"max-video-preview:-1"},"canonical":"https:\/\/packnatur.at\/es\/innovacion\/","og_locale":"es_ES","og_type":"article","og_title":"Innovaci\u00f3n - Packnatur","og_description":"Desde hace 25 a\u00f1os, investigamos con materias primas biog\u00e9nicas, buscando siempre la mejor soluci\u00f3n para el ser humano y el medio ambiente. Nuestra dilatada experiencia no solo nos convierte en l\u00edderes en el mercado, sino en EL centro de competencia para embalajes textiles. Los mejores embalajes de malla de fibras con tintura en masa salen [&hellip;]","og_url":"https:\/\/packnatur.at\/es\/innovacion\/","og_site_name":"Packnatur","article_modified_time":"2024-09-23T11:55:42+00:00","og_image":[{"url":"https:\/\/packnatur.at\/wp-content\/uploads\/\/2020\/10\/Icon1_Color.svg","type":"","width":"","height":""}],"twitter_card":"summary_large_image","twitter_misc":{"Est. reading time":"4 minutes"},"schema":{"@context":"https:\/\/schema.org","@graph":[{"@type":"WebPage","@id":"https:\/\/packnatur.at\/es\/innovacion\/","url":"https:\/\/packnatur.at\/es\/innovacion\/","name":"Innovaci\u00f3n - Packnatur","isPartOf":{"@id":"https:\/\/packnatur.at\/es\/#website"},"primaryImageOfPage":{"@id":"https:\/\/packnatur.at\/es\/innovacion\/#primaryimage"},"image":{"@id":"https:\/\/packnatur.at\/es\/innovacion\/#primaryimage"},"thumbnailUrl":"https:\/\/packnatur.at\/wp-content\/uploads\/\/2020\/10\/Icon1_Color.svg","datePublished":"2020-11-27T12:01:42+00:00","dateModified":"2024-09-23T11:55:42+00:00","breadcrumb":{"@id":"https:\/\/packnatur.at\/es\/innovacion\/#breadcrumb"},"inLanguage":"es-ES","potentialAction":[{"@type":"ReadAction","target":["https:\/\/packnatur.at\/es\/innovacion\/"]}]},{"@type":"ImageObject","inLanguage":"es-ES","@id":"https:\/\/packnatur.at\/es\/innovacion\/#primaryimage","url":"https:\/\/packnatur.at\/wp-content\/uploads\/\/2020\/10\/Icon1_Color.svg","contentUrl":"https:\/\/packnatur.at\/wp-content\/uploads\/\/2020\/10\/Icon1_Color.svg"},{"@type":"BreadcrumbList","@id":"https:\/\/packnatur.at\/es\/innovacion\/#breadcrumb","itemListElement":[{"@type":"ListItem","position":1,"name":"Home","item":"https:\/\/packnatur.at\/es\/"},{"@type":"ListItem","position":2,"name":"Innovaci\u00f3n"}]},{"@type":"WebSite","@id":"https:\/\/packnatur.at\/es\/#website","url":"https:\/\/packnatur.at\/es\/","name":"Packnatur","description":"von Natur aus","publisher":{"@id":"https:\/\/packnatur.at\/es\/#organization"},"potentialAction":[{"@type":"SearchAction","target":{"@type":"EntryPoint","urlTemplate":"https:\/\/packnatur.at\/es\/?s={search_term_string}"},"query-input":{"@type":"PropertyValueSpecification","valueRequired":true,"valueName":"search_term_string"}}],"inLanguage":"es-ES"},{"@type":"Organization","@id":"https:\/\/packnatur.at\/es\/#organization","name":"Packnatur","url":"https:\/\/packnatur.at\/es\/","logo":{"@type":"ImageObject","inLanguage":"es-ES","@id":"https:\/\/packnatur.at\/es\/#\/schema\/logo\/image\/","url":"https:\/\/packnatur.at\/wp-content\/uploads\/2020\/07\/cropped-logo.png","contentUrl":"https:\/\/packnatur.at\/wp-content\/uploads\/2020\/07\/cropped-logo.png","width":994,"height":295,"caption":"Packnatur"},"image":{"@id":"https:\/\/packnatur.at\/es\/#\/schema\/logo\/image\/"}}]}},"_links":{"self":[{"href":"https:\/\/packnatur.at\/es\/wp-json\/wp\/v2\/pages\/3346","targetHints":{"allow":["GET"]}}],"collection":[{"href":"https:\/\/packnatur.at\/es\/wp-json\/wp\/v2\/pages"}],"about":[{"href":"https:\/\/packnatur.at\/es\/wp-json\/wp\/v2\/types\/page"}],"author":[{"embeddable":true,"href":"https:\/\/packnatur.at\/es\/wp-json\/wp\/v2\/users\/8"}],"replies":[{"embeddable":true,"href":"https:\/\/packnatur.at\/es\/wp-json\/wp\/v2\/comments?post=3346"}],"version-history":[{"count":15,"href":"https:\/\/packnatur.at\/es\/wp-json\/wp\/v2\/pages\/3346\/revisions"}],"predecessor-version":[{"id":9968,"href":"https:\/\/packnatur.at\/es\/wp-json\/wp\/v2\/pages\/3346\/revisions\/9968"}],"wp:attachment":[{"href":"https:\/\/packnatur.at\/es\/wp-json\/wp\/v2\/media?parent=3346"}],"curies":[{"name":"wp","href":"https:\/\/api.w.org\/{rel}","templated":true}]}}