{"id":5062,"date":"2021-01-29T13:03:46","date_gmt":"2021-01-29T12:03:46","guid":{"rendered":"https:\/\/packnatur.at\/?page_id=5062"},"modified":"2024-10-03T10:06:20","modified_gmt":"2024-10-03T08:06:20","slug":"descargar","status":"publish","type":"page","link":"https:\/\/packnatur.at\/es\/descargar\/","title":{"rendered":"Descargar"},"content":{"rendered":"\n<div class=\"wp-block-group has-packnatur-bright-green-background-color has-background\"><div class=\"wp-block-group__inner-container is-layout-flow wp-block-group-is-layout-flow\">\n<p>Hemos puesto a su disposici\u00f3n la informaci\u00f3n m\u00e1s importante para que la descargue. Si desea saber m\u00e1s o simplemente tiene otras preguntas, por supuesto estamos a su disposici\u00f3n.<\/p>\n\n\n\n<p>Env\u00ede su solicitud a:&nbsp;&nbsp;<a href=\"mailto:office@packnatur.at\">office@packnatur.at<\/a><\/p>\n\n\n\n<p>FOTOS<\/p>\n<\/div><\/div>\n\n\n\n<div class=\"wp-block-columns is-layout-flex wp-container-core-columns-is-layout-9d6595d7 wp-block-columns-is-layout-flex\">\n<div class=\"wp-block-column is-layout-flow wp-block-column-is-layout-flow\">\n<section id=\"block_60003fa989e8d\" class=\"block_download_image \">\n    <img loading=\"lazy\" decoding=\"async\" width=\"2048\" height=\"1366\" src=\"https:\/\/packnatur.at\/wp-content\/uploads\/2024\/07\/74A6538-Web-4000px-scaled.jpg\" class=\"attachment-small size-small\" alt=\"\" srcset=\"https:\/\/packnatur.at\/wp-content\/uploads\/2024\/07\/74A6538-Web-4000px-scaled.jpg 2048w, https:\/\/packnatur.at\/wp-content\/uploads\/2024\/07\/74A6538-Web-4000px-300x200.jpg 300w, https:\/\/packnatur.at\/wp-content\/uploads\/2024\/07\/74A6538-Web-4000px-1024x683.jpg 1024w, https:\/\/packnatur.at\/wp-content\/uploads\/2024\/07\/74A6538-Web-4000px-768x512.jpg 768w, https:\/\/packnatur.at\/wp-content\/uploads\/2024\/07\/74A6538-Web-4000px-1536x1025.jpg 1536w\" sizes=\"auto, (max-width: 2048px) 100vw, 2048px\" \/>    <div class=\"block-download-image__text\">Manfred Kern, Director gerente &#038; Markus Kainer, Director de ventas<\/div>\n\n            <div class=\"block-download-image__link\">\n            <a href=\"https:\/\/packnatur.at\/wp-content\/uploads\/2024\/07\/74A6538-Web-4000px-scaled.jpg\" target=\"_blank\">Download<\/a>\n        <\/div>\n    <\/section>\n<\/div>\n\n\n\n<div class=\"wp-block-column is-layout-flow wp-block-column-is-layout-flow\">\n<section id=\"block_60003fcc89e8e\" class=\"block_download_image \">\n    <img loading=\"lazy\" decoding=\"async\" width=\"1500\" height=\"1001\" src=\"https:\/\/packnatur.at\/wp-content\/uploads\/2024\/03\/74A7017-Web-4000px_klein.png\" class=\"attachment-small size-small\" alt=\"\" srcset=\"https:\/\/packnatur.at\/wp-content\/uploads\/2024\/03\/74A7017-Web-4000px_klein.png 1500w, https:\/\/packnatur.at\/wp-content\/uploads\/2024\/03\/74A7017-Web-4000px_klein-300x200.png 300w, https:\/\/packnatur.at\/wp-content\/uploads\/2024\/03\/74A7017-Web-4000px_klein-1024x683.png 1024w, https:\/\/packnatur.at\/wp-content\/uploads\/2024\/03\/74A7017-Web-4000px_klein-768x513.png 768w\" sizes=\"auto, (max-width: 1500px) 100vw, 1500px\" \/>    <div class=\"block-download-image__text\">La producci\u00f3n Packnatur en curso en Estiria <\/div>\n\n            <div class=\"block-download-image__link\">\n            <a href=\"https:\/\/packnatur.at\/wp-content\/uploads\/2024\/03\/74A7017-Web-4000px_klein.png\" target=\"_blank\">Download<\/a>\n        <\/div>\n    <\/section>\n<\/div>\n\n\n\n<div class=\"wp-block-column is-layout-flow wp-block-column-is-layout-flow\">\n<section id=\"block_5fff36c506be1\" class=\"block_download_image \">\n    <img loading=\"lazy\" decoding=\"async\" width=\"2000\" height=\"1334\" src=\"https:\/\/packnatur.at\/wp-content\/uploads\/2024\/07\/AX7A9294-Bearbeitet_klein.png\" class=\"attachment-small size-small\" alt=\"Packnatur Cellulose Tube Netting\" srcset=\"https:\/\/packnatur.at\/wp-content\/uploads\/2024\/07\/AX7A9294-Bearbeitet_klein.png 2000w, https:\/\/packnatur.at\/wp-content\/uploads\/2024\/07\/AX7A9294-Bearbeitet_klein-300x200.png 300w, https:\/\/packnatur.at\/wp-content\/uploads\/2024\/07\/AX7A9294-Bearbeitet_klein-1024x683.png 1024w, https:\/\/packnatur.at\/wp-content\/uploads\/2024\/07\/AX7A9294-Bearbeitet_klein-768x512.png 768w, https:\/\/packnatur.at\/wp-content\/uploads\/2024\/07\/AX7A9294-Bearbeitet_klein-1536x1025.png 1536w\" sizes=\"auto, (max-width: 2000px) 100vw, 2000px\" \/>    <div class=\"block-download-image__text\">Packnatur\u00ae Malla tubular de celulosa colores<\/div>\n\n            <div class=\"block-download-image__link\">\n            <a href=\"https:\/\/packnatur.at\/wp-content\/uploads\/2024\/07\/AX7A9294-Bearbeitet_klein.png\" target=\"_blank\">Download<\/a>\n        <\/div>\n    <\/section>\n<\/div>\n<\/div>\n\n\n\n<div class=\"wp-block-columns negativ-margin-100 download_coloumns is-layout-flex wp-container-core-columns-is-layout-9d6595d7 wp-block-columns-is-layout-flex\">\n<div class=\"wp-block-column is-layout-flow wp-block-column-is-layout-flow\">\n<section id=\"block_5ffdcd93bb54e\" class=\"block_download_image \">\n    <img loading=\"lazy\" decoding=\"async\" width=\"2048\" height=\"1162\" src=\"https:\/\/packnatur.at\/wp-content\/uploads\/2021\/01\/R5A0919-scaled.jpg\" class=\"attachment-small size-small\" alt=\"\" srcset=\"https:\/\/packnatur.at\/wp-content\/uploads\/2021\/01\/R5A0919-scaled.jpg 2048w, https:\/\/packnatur.at\/wp-content\/uploads\/2021\/01\/R5A0919-300x170.jpg 300w, https:\/\/packnatur.at\/wp-content\/uploads\/2021\/01\/R5A0919-1024x581.jpg 1024w, https:\/\/packnatur.at\/wp-content\/uploads\/2021\/01\/R5A0919-768x436.jpg 768w, https:\/\/packnatur.at\/wp-content\/uploads\/2021\/01\/R5A0919-1536x871.jpg 1536w\" sizes=\"auto, (max-width: 2048px) 100vw, 2048px\" \/>    <div class=\"block-download-image__text\">De la madera a la red<\/div>\n\n            <div class=\"block-download-image__link\">\n            <a href=\"https:\/\/packnatur.at\/wp-content\/uploads\/2021\/01\/R5A0919-scaled.jpg\" target=\"_blank\">Download<\/a>\n        <\/div>\n    <\/section>\n\n\n\n<section id=\"block_5fff372506be5\" class=\"block_download_image \">\n    <img loading=\"lazy\" decoding=\"async\" width=\"2048\" height=\"1366\" src=\"https:\/\/packnatur.at\/wp-content\/uploads\/2021\/01\/AX7A9125-Bearbeitet-scaled.jpg\" class=\"attachment-small size-small\" alt=\"\" srcset=\"https:\/\/packnatur.at\/wp-content\/uploads\/2021\/01\/AX7A9125-Bearbeitet-scaled.jpg 2048w, https:\/\/packnatur.at\/wp-content\/uploads\/2021\/01\/AX7A9125-Bearbeitet-300x200.jpg 300w, https:\/\/packnatur.at\/wp-content\/uploads\/2021\/01\/AX7A9125-Bearbeitet-1024x683.jpg 1024w, https:\/\/packnatur.at\/wp-content\/uploads\/2021\/01\/AX7A9125-Bearbeitet-768x512.jpg 768w, https:\/\/packnatur.at\/wp-content\/uploads\/2021\/01\/AX7A9125-Bearbeitet-1536x1024.jpg 1536w\" sizes=\"auto, (max-width: 2048px) 100vw, 2048px\" \/>    <div class=\"block-download-image__text\">Packnatur\u00ae \u00a0Malla tubular de celulosa<\/div>\n\n            <div class=\"block-download-image__link\">\n            <a href=\"https:\/\/packnatur.at\/wp-content\/uploads\/2021\/01\/AX7A9125-Bearbeitet-scaled.jpg\" target=\"_blank\">Download<\/a>\n        <\/div>\n    <\/section>\n\n\n\n<section id=\"block_5fff380506bef\" class=\"block_download_image \">\n    <img loading=\"lazy\" decoding=\"async\" width=\"2048\" height=\"1362\" src=\"https:\/\/packnatur.at\/wp-content\/uploads\/2021\/01\/AX7A9362-Bearbeitet-scaled.jpg\" class=\"attachment-small size-small\" alt=\"\" srcset=\"https:\/\/packnatur.at\/wp-content\/uploads\/2021\/01\/AX7A9362-Bearbeitet-scaled.jpg 2048w, https:\/\/packnatur.at\/wp-content\/uploads\/2021\/01\/AX7A9362-Bearbeitet-300x199.jpg 300w, https:\/\/packnatur.at\/wp-content\/uploads\/2021\/01\/AX7A9362-Bearbeitet-1024x681.jpg 1024w, https:\/\/packnatur.at\/wp-content\/uploads\/2021\/01\/AX7A9362-Bearbeitet-768x510.jpg 768w, https:\/\/packnatur.at\/wp-content\/uploads\/2021\/01\/AX7A9362-Bearbeitet-1536x1021.jpg 1536w\" sizes=\"auto, (max-width: 2048px) 100vw, 2048px\" \/>    <div class=\"block-download-image__text\">Packnatur\u00ae Etiquetas de corbata Bio<\/div>\n\n            <div class=\"block-download-image__link\">\n            <a href=\"https:\/\/packnatur.at\/wp-content\/uploads\/2021\/01\/AX7A9362-Bearbeitet-scaled.jpg\" target=\"_blank\">Download<\/a>\n        <\/div>\n    <\/section>\n\n\n\n<section id=\"block_5fff36ea06be2\" class=\"block_download_image \">\n        <div class=\"block-download-image__text\"><\/div>\n\n    <\/section>\n<\/div>\n\n\n\n<div class=\"wp-block-column is-layout-flow wp-block-column-is-layout-flow\">\n<section id=\"block_5fff36f906be3\" class=\"block_download_image \">\n    <img loading=\"lazy\" decoding=\"async\" width=\"2048\" height=\"1428\" src=\"https:\/\/packnatur.at\/wp-content\/uploads\/2021\/01\/AX7A9083-Bearbeitet-scaled.jpg\" class=\"attachment-small size-small\" alt=\"\" srcset=\"https:\/\/packnatur.at\/wp-content\/uploads\/2021\/01\/AX7A9083-Bearbeitet-scaled.jpg 2048w, https:\/\/packnatur.at\/wp-content\/uploads\/2021\/01\/AX7A9083-Bearbeitet-300x209.jpg 300w, https:\/\/packnatur.at\/wp-content\/uploads\/2021\/01\/AX7A9083-Bearbeitet-1024x714.jpg 1024w, https:\/\/packnatur.at\/wp-content\/uploads\/2021\/01\/AX7A9083-Bearbeitet-768x535.jpg 768w, https:\/\/packnatur.at\/wp-content\/uploads\/2021\/01\/AX7A9083-Bearbeitet-1536x1071.jpg 1536w\" sizes=\"auto, (max-width: 2048px) 100vw, 2048px\" \/>    <div class=\"block-download-image__text\">Packnatur\u00ae \u00a0Malla tubular de celulosa<\/div>\n\n            <div class=\"block-download-image__link\">\n            <a href=\"https:\/\/packnatur.at\/wp-content\/uploads\/2021\/01\/AX7A9083-Bearbeitet-scaled.jpg\" target=\"_blank\">Download<\/a>\n        <\/div>\n    <\/section>\n\n\n\n<section id=\"block_5fff373b06be6\" class=\"block_download_image \">\n    <img loading=\"lazy\" decoding=\"async\" width=\"2048\" height=\"1366\" src=\"https:\/\/packnatur.at\/wp-content\/uploads\/2021\/01\/AX7A9493-Bearbeitet-scaled.jpg\" class=\"attachment-small size-small\" alt=\"\" srcset=\"https:\/\/packnatur.at\/wp-content\/uploads\/2021\/01\/AX7A9493-Bearbeitet-scaled.jpg 2048w, https:\/\/packnatur.at\/wp-content\/uploads\/2021\/01\/AX7A9493-Bearbeitet-300x200.jpg 300w, https:\/\/packnatur.at\/wp-content\/uploads\/2021\/01\/AX7A9493-Bearbeitet-1024x683.jpg 1024w, https:\/\/packnatur.at\/wp-content\/uploads\/2021\/01\/AX7A9493-Bearbeitet-768x512.jpg 768w, https:\/\/packnatur.at\/wp-content\/uploads\/2021\/01\/AX7A9493-Bearbeitet-1536x1024.jpg 1536w\" sizes=\"auto, (max-width: 2048px) 100vw, 2048px\" \/>    <div class=\"block-download-image__text\">Packnatur\u00ae \u00a0Malla tubular de celulosa<\/div>\n\n            <div class=\"block-download-image__link\">\n            <a href=\"https:\/\/packnatur.at\/wp-content\/uploads\/2021\/01\/AX7A9493-Bearbeitet-scaled.jpg\" target=\"_blank\">Download<\/a>\n        <\/div>\n    <\/section>\n\n\n\n<section id=\"block_5fff377306be8\" class=\"block_download_image \">\n    <img loading=\"lazy\" decoding=\"async\" width=\"2048\" height=\"1280\" src=\"https:\/\/packnatur.at\/wp-content\/uploads\/2021\/01\/P4A1109-scaled.jpg\" class=\"attachment-small size-small\" alt=\"\" srcset=\"https:\/\/packnatur.at\/wp-content\/uploads\/2021\/01\/P4A1109-scaled.jpg 2048w, https:\/\/packnatur.at\/wp-content\/uploads\/2021\/01\/P4A1109-300x187.jpg 300w, https:\/\/packnatur.at\/wp-content\/uploads\/2021\/01\/P4A1109-1024x640.jpg 1024w, https:\/\/packnatur.at\/wp-content\/uploads\/2021\/01\/P4A1109-768x480.jpg 768w, https:\/\/packnatur.at\/wp-content\/uploads\/2021\/01\/P4A1109-1536x960.jpg 1536w\" sizes=\"auto, (max-width: 2048px) 100vw, 2048px\" \/>    <div class=\"block-download-image__text\">Packnatur\u00ae \u00a0Malla tubular de celulosa<\/div>\n\n            <div class=\"block-download-image__link\">\n            <a href=\"https:\/\/packnatur.at\/wp-content\/uploads\/2021\/01\/P4A1109-scaled.jpg\" target=\"_blank\">Download<\/a>\n        <\/div>\n    <\/section>\n<\/div>\n\n\n\n<div class=\"wp-block-column is-layout-flow wp-block-column-is-layout-flow\">\n<section id=\"block_5fff370d06be4\" class=\"block_download_image \">\n    <img loading=\"lazy\" decoding=\"async\" width=\"2048\" height=\"1366\" src=\"https:\/\/packnatur.at\/wp-content\/uploads\/2021\/01\/AX7A9141-scaled.jpg\" class=\"attachment-small size-small\" alt=\"\" srcset=\"https:\/\/packnatur.at\/wp-content\/uploads\/2021\/01\/AX7A9141-scaled.jpg 2048w, https:\/\/packnatur.at\/wp-content\/uploads\/2021\/01\/AX7A9141-300x200.jpg 300w, https:\/\/packnatur.at\/wp-content\/uploads\/2021\/01\/AX7A9141-1024x683.jpg 1024w, https:\/\/packnatur.at\/wp-content\/uploads\/2021\/01\/AX7A9141-768x512.jpg 768w, https:\/\/packnatur.at\/wp-content\/uploads\/2021\/01\/AX7A9141-1536x1024.jpg 1536w\" sizes=\"auto, (max-width: 2048px) 100vw, 2048px\" \/>    <div class=\"block-download-image__text\">Packnatur\u00ae \u00a0Malla tubular de celulosa<\/div>\n\n            <div class=\"block-download-image__link\">\n            <a href=\"https:\/\/packnatur.at\/wp-content\/uploads\/2021\/01\/AX7A9141-scaled.jpg\" target=\"_blank\">Download<\/a>\n        <\/div>\n    <\/section>\n\n\n\n<section id=\"block_5fff375206be7\" class=\"block_download_image \">\n    <img loading=\"lazy\" decoding=\"async\" width=\"325\" height=\"485\" src=\"https:\/\/packnatur.at\/wp-content\/uploads\/2020\/11\/9_AX7A9179-ba.jpg\" class=\"attachment-small size-small\" alt=\"Packnatur Cellulose Netzschlauch Griffschutznetz\" srcset=\"https:\/\/packnatur.at\/wp-content\/uploads\/2020\/11\/9_AX7A9179-ba.jpg 325w, https:\/\/packnatur.at\/wp-content\/uploads\/2020\/11\/9_AX7A9179-ba-201x300.jpg 201w\" sizes=\"auto, (max-width: 325px) 100vw, 325px\" \/>    <div class=\"block-download-image__text\">Packnatur\u00ae \u00a0Malla tubular de celulosa<\/div>\n\n            <div class=\"block-download-image__link\">\n            <a href=\"https:\/\/packnatur.at\/wp-content\/uploads\/2020\/11\/9_AX7A9179-ba.jpg\" target=\"_blank\">Download<\/a>\n        <\/div>\n    <\/section>\n<\/div>\n<\/div>\n\n\n\n<div class=\"wp-block-group has-packnatur-rose-background-color has-background\"><div class=\"wp-block-group__inner-container is-layout-flow wp-block-group-is-layout-flow\">\n<p>TEXTOS<\/p>\n<\/div><\/div>\n\n\n\n<div class=\"wp-block-columns is-layout-flex wp-container-core-columns-is-layout-9d6595d7 wp-block-columns-is-layout-flex\">\n<div class=\"wp-block-column is-layout-flow wp-block-column-is-layout-flow\">\n<section id=\"block_5fa953bf147a0\" class=\"block_download_text\">\n\n    <div class=\"block-download-text__border-container\">\n        <div class=\"block-download-text__title\"> Producci\u00f3n de PACKNATUR\u00ae: industria ecol\u00f3gica en Austria<\/div>\n        <div class=\"block-download-text__text\">Las 30.000 toneladas de mallas de pl\u00e1stico que se utilizan en Europa cada a\u00f1o iban a ser rivalizadas o, mejor a\u00fan, sustituidas por completo. Era el principio&#8230;.<\/div>\n    <\/div>\n\n    <div class=\"block-download-text__download-container\">\n                    <a href=\"https:\/\/packnatur.at\/wp-content\/uploads\/2024\/10\/PR_Packnatur_Produccion_ES.pdf\">PDF<\/a>\n                            <a href=\"https:\/\/packnatur.at\/wp-content\/uploads\/2024\/10\/PR_Packnatur_Produccion_ES.docx\">DOC<\/a>\n            <\/div>\n\n<\/section>\n\n\n\n<p><\/p>\n<\/div>\n\n\n\n<div class=\"wp-block-column is-layout-flow wp-block-column-is-layout-flow\">\n<section id=\"block_5fa95408147a1\" class=\"block_download_text\">\n\n    <div class=\"block-download-text__border-container\">\n        <div class=\"block-download-text__title\">PACKNATUR\u00ae Mallas tubulares compostables de celulosa de madera de haya<\/div>\n        <div class=\"block-download-text__text\">Con el uso de envases compostables y reciclables, no solo se cuidan los recursos f\u00f3siles como el petr\u00f3leo, sino que tambi\u00e9n se ponen en circulaci\u00f3n materiales biodegradables. <\/div>\n    <\/div>\n\n    <div class=\"block-download-text__download-container\">\n                    <a href=\"https:\/\/packnatur.at\/wp-content\/uploads\/2024\/10\/PR_Packnatur_Mallas-tubulares_ES-.pdf\">PDF<\/a>\n                            <a href=\"https:\/\/packnatur.at\/wp-content\/uploads\/2024\/10\/PR_Packnatur_Mallas-tubulares_ES-.docx\">DOC<\/a>\n            <\/div>\n\n<\/section>\n\n\n\n<p><\/p>\n<\/div>\n\n\n\n<div class=\"wp-block-column is-layout-flow wp-block-column-is-layout-flow\">\n<section id=\"block_5fa9541a147a2\" class=\"block_download_text\">\n\n    <div class=\"block-download-text__border-container\">\n        <div class=\"block-download-text__title\">PACKNATUR\u00ae Etiquetas de corbata Bio<\/div>\n        <div class=\"block-download-text__text\">Curiosos por naturaleza. Y dif\u00edciles de contentar. Dado que ninguna de las etiquetas que encontr\u00e1bamos en el mercado nos parec\u00eda satisfactoria, hemos decidido desarrollar nosotros una. Naturalmente, biol\u00f3gica. Que respondiera a nuestro concepto.<\/div>\n    <\/div>\n\n    <div class=\"block-download-text__download-container\">\n                    <a href=\"https:\/\/packnatur.at\/wp-content\/uploads\/2024\/10\/PR_Packnatur_Etiquetas-de-corbata_ES.pdf\">PDF<\/a>\n                            <a href=\"https:\/\/packnatur.at\/wp-content\/uploads\/2024\/10\/PR_Packnatur_Etiquetas-de-corbata_ES.docx\">DOC<\/a>\n            <\/div>\n\n<\/section>\n\n\n\n<p><\/p>\n<\/div>\n<\/div>\n\n\n\n<div class=\"wp-block-group has-packnatur-bright-blue-background-color has-background\"><div class=\"wp-block-group__inner-container is-layout-flow wp-block-group-is-layout-flow\">\n<p>LOGO<\/p>\n<\/div><\/div>\n\n\n\n<div class=\"wp-block-columns negativ-margin-100 download_coloumns is-layout-flex wp-container-core-columns-is-layout-9d6595d7 wp-block-columns-is-layout-flex\">\n<div class=\"wp-block-column is-layout-flow wp-block-column-is-layout-flow\">\n<section id=\"block_5fa956794dbe0\" class=\"block_download_image image_with_border\">\n    <img loading=\"lazy\" decoding=\"async\" width=\"2000\" height=\"2000\" src=\"https:\/\/packnatur.at\/wp-content\/uploads\/2021\/01\/PACKANTUR_LOGO2_Schwarz_s.jpg\" class=\"attachment-small size-small\" alt=\"\" srcset=\"https:\/\/packnatur.at\/wp-content\/uploads\/2021\/01\/PACKANTUR_LOGO2_Schwarz_s.jpg 2000w, https:\/\/packnatur.at\/wp-content\/uploads\/2021\/01\/PACKANTUR_LOGO2_Schwarz_s-300x300.jpg 300w, https:\/\/packnatur.at\/wp-content\/uploads\/2021\/01\/PACKANTUR_LOGO2_Schwarz_s-1024x1024.jpg 1024w, https:\/\/packnatur.at\/wp-content\/uploads\/2021\/01\/PACKANTUR_LOGO2_Schwarz_s-150x150.jpg 150w, https:\/\/packnatur.at\/wp-content\/uploads\/2021\/01\/PACKANTUR_LOGO2_Schwarz_s-768x768.jpg 768w, https:\/\/packnatur.at\/wp-content\/uploads\/2021\/01\/PACKANTUR_LOGO2_Schwarz_s-1536x1536.jpg 1536w\" sizes=\"auto, (max-width: 2000px) 100vw, 2000px\" \/>    <div class=\"block-download-image__text\"><\/div>\n\n            <div class=\"block-download-image__link\">\n            <a href=\"https:\/\/packnatur.at\/wp-content\/uploads\/2021\/01\/PACKANTUR_LOGO2_Schwarz_s.jpg\" target=\"_blank\">Download<\/a>\n        <\/div>\n    <\/section>\n<\/div>\n\n\n\n<div class=\"wp-block-column is-layout-flow wp-block-column-is-layout-flow\"><\/div>\n\n\n\n<div class=\"wp-block-column is-layout-flow wp-block-column-is-layout-flow\"><\/div>\n<\/div>\n","protected":false},"excerpt":{"rendered":"<p>Hemos puesto a su disposici\u00f3n la informaci\u00f3n m\u00e1s importante para que la descargue. Si desea saber m\u00e1s o simplemente tiene otras preguntas, por supuesto estamos a su disposici\u00f3n. Env\u00ede su solicitud a:&nbsp;&nbsp;office@packnatur.at FOTOS TEXTOS LOGO<\/p>\n","protected":false},"author":8,"featured_media":0,"parent":0,"menu_order":0,"comment_status":"closed","ping_status":"closed","template":"","meta":{"_acf_changed":false,"inline_featured_image":false,"footnotes":""},"class_list":["post-5062","page","type-page","status-publish","hentry"],"acf":[],"yoast_head":"<!-- This site is optimized with the Yoast SEO plugin v27.4 - https:\/\/yoast.com\/product\/yoast-seo-wordpress\/ -->\n<title>Descargar - Packnatur<\/title>\n<meta name=\"robots\" content=\"index, follow, max-snippet:-1, max-image-preview:large, max-video-preview:-1\" \/>\n<link rel=\"canonical\" href=\"https:\/\/packnatur.at\/es\/descargar\/\" \/>\n<meta property=\"og:locale\" content=\"es_ES\" \/>\n<meta property=\"og:type\" content=\"article\" \/>\n<meta property=\"og:title\" content=\"Descargar - Packnatur\" \/>\n<meta property=\"og:description\" content=\"Hemos puesto a su disposici\u00f3n la informaci\u00f3n m\u00e1s importante para que la descargue. Si desea saber m\u00e1s o simplemente tiene otras preguntas, por supuesto estamos a su disposici\u00f3n. Env\u00ede su solicitud a:&nbsp;&nbsp;office@packnatur.at FOTOS TEXTOS LOGO\" \/>\n<meta property=\"og:url\" content=\"https:\/\/packnatur.at\/es\/descargar\/\" \/>\n<meta property=\"og:site_name\" content=\"Packnatur\" \/>\n<meta property=\"article:modified_time\" content=\"2024-10-03T08:06:20+00:00\" \/>\n<meta name=\"twitter:card\" content=\"summary_large_image\" \/>\n<meta name=\"twitter:label1\" content=\"Est. reading time\" \/>\n\t<meta name=\"twitter:data1\" content=\"1 minute\" \/>\n<script type=\"application\/ld+json\" class=\"yoast-schema-graph\">{\"@context\":\"https:\\\/\\\/schema.org\",\"@graph\":[{\"@type\":\"WebPage\",\"@id\":\"https:\\\/\\\/packnatur.at\\\/es\\\/descargar\\\/\",\"url\":\"https:\\\/\\\/packnatur.at\\\/es\\\/descargar\\\/\",\"name\":\"Descargar - Packnatur\",\"isPartOf\":{\"@id\":\"https:\\\/\\\/packnatur.at\\\/es\\\/#website\"},\"datePublished\":\"2021-01-29T12:03:46+00:00\",\"dateModified\":\"2024-10-03T08:06:20+00:00\",\"breadcrumb\":{\"@id\":\"https:\\\/\\\/packnatur.at\\\/es\\\/descargar\\\/#breadcrumb\"},\"inLanguage\":\"es-ES\",\"potentialAction\":[{\"@type\":\"ReadAction\",\"target\":[\"https:\\\/\\\/packnatur.at\\\/es\\\/descargar\\\/\"]}]},{\"@type\":\"BreadcrumbList\",\"@id\":\"https:\\\/\\\/packnatur.at\\\/es\\\/descargar\\\/#breadcrumb\",\"itemListElement\":[{\"@type\":\"ListItem\",\"position\":1,\"name\":\"Home\",\"item\":\"https:\\\/\\\/packnatur.at\\\/es\\\/\"},{\"@type\":\"ListItem\",\"position\":2,\"name\":\"Descargar\"}]},{\"@type\":\"WebSite\",\"@id\":\"https:\\\/\\\/packnatur.at\\\/es\\\/#website\",\"url\":\"https:\\\/\\\/packnatur.at\\\/es\\\/\",\"name\":\"Packnatur\",\"description\":\"von Natur aus\",\"publisher\":{\"@id\":\"https:\\\/\\\/packnatur.at\\\/es\\\/#organization\"},\"potentialAction\":[{\"@type\":\"SearchAction\",\"target\":{\"@type\":\"EntryPoint\",\"urlTemplate\":\"https:\\\/\\\/packnatur.at\\\/es\\\/?s={search_term_string}\"},\"query-input\":{\"@type\":\"PropertyValueSpecification\",\"valueRequired\":true,\"valueName\":\"search_term_string\"}}],\"inLanguage\":\"es-ES\"},{\"@type\":\"Organization\",\"@id\":\"https:\\\/\\\/packnatur.at\\\/es\\\/#organization\",\"name\":\"Packnatur\",\"url\":\"https:\\\/\\\/packnatur.at\\\/es\\\/\",\"logo\":{\"@type\":\"ImageObject\",\"inLanguage\":\"es-ES\",\"@id\":\"https:\\\/\\\/packnatur.at\\\/es\\\/#\\\/schema\\\/logo\\\/image\\\/\",\"url\":\"https:\\\/\\\/packnatur.at\\\/wp-content\\\/uploads\\\/2020\\\/07\\\/cropped-logo.png\",\"contentUrl\":\"https:\\\/\\\/packnatur.at\\\/wp-content\\\/uploads\\\/2020\\\/07\\\/cropped-logo.png\",\"width\":994,\"height\":295,\"caption\":\"Packnatur\"},\"image\":{\"@id\":\"https:\\\/\\\/packnatur.at\\\/es\\\/#\\\/schema\\\/logo\\\/image\\\/\"}}]}<\/script>\n<!-- \/ Yoast SEO plugin. -->","yoast_head_json":{"title":"Descargar - Packnatur","robots":{"index":"index","follow":"follow","max-snippet":"max-snippet:-1","max-image-preview":"max-image-preview:large","max-video-preview":"max-video-preview:-1"},"canonical":"https:\/\/packnatur.at\/es\/descargar\/","og_locale":"es_ES","og_type":"article","og_title":"Descargar - Packnatur","og_description":"Hemos puesto a su disposici\u00f3n la informaci\u00f3n m\u00e1s importante para que la descargue. Si desea saber m\u00e1s o simplemente tiene otras preguntas, por supuesto estamos a su disposici\u00f3n. Env\u00ede su solicitud a:&nbsp;&nbsp;office@packnatur.at FOTOS TEXTOS LOGO","og_url":"https:\/\/packnatur.at\/es\/descargar\/","og_site_name":"Packnatur","article_modified_time":"2024-10-03T08:06:20+00:00","twitter_card":"summary_large_image","twitter_misc":{"Est. reading time":"1 minute"},"schema":{"@context":"https:\/\/schema.org","@graph":[{"@type":"WebPage","@id":"https:\/\/packnatur.at\/es\/descargar\/","url":"https:\/\/packnatur.at\/es\/descargar\/","name":"Descargar - Packnatur","isPartOf":{"@id":"https:\/\/packnatur.at\/es\/#website"},"datePublished":"2021-01-29T12:03:46+00:00","dateModified":"2024-10-03T08:06:20+00:00","breadcrumb":{"@id":"https:\/\/packnatur.at\/es\/descargar\/#breadcrumb"},"inLanguage":"es-ES","potentialAction":[{"@type":"ReadAction","target":["https:\/\/packnatur.at\/es\/descargar\/"]}]},{"@type":"BreadcrumbList","@id":"https:\/\/packnatur.at\/es\/descargar\/#breadcrumb","itemListElement":[{"@type":"ListItem","position":1,"name":"Home","item":"https:\/\/packnatur.at\/es\/"},{"@type":"ListItem","position":2,"name":"Descargar"}]},{"@type":"WebSite","@id":"https:\/\/packnatur.at\/es\/#website","url":"https:\/\/packnatur.at\/es\/","name":"Packnatur","description":"von Natur aus","publisher":{"@id":"https:\/\/packnatur.at\/es\/#organization"},"potentialAction":[{"@type":"SearchAction","target":{"@type":"EntryPoint","urlTemplate":"https:\/\/packnatur.at\/es\/?s={search_term_string}"},"query-input":{"@type":"PropertyValueSpecification","valueRequired":true,"valueName":"search_term_string"}}],"inLanguage":"es-ES"},{"@type":"Organization","@id":"https:\/\/packnatur.at\/es\/#organization","name":"Packnatur","url":"https:\/\/packnatur.at\/es\/","logo":{"@type":"ImageObject","inLanguage":"es-ES","@id":"https:\/\/packnatur.at\/es\/#\/schema\/logo\/image\/","url":"https:\/\/packnatur.at\/wp-content\/uploads\/2020\/07\/cropped-logo.png","contentUrl":"https:\/\/packnatur.at\/wp-content\/uploads\/2020\/07\/cropped-logo.png","width":994,"height":295,"caption":"Packnatur"},"image":{"@id":"https:\/\/packnatur.at\/es\/#\/schema\/logo\/image\/"}}]}},"_links":{"self":[{"href":"https:\/\/packnatur.at\/es\/wp-json\/wp\/v2\/pages\/5062","targetHints":{"allow":["GET"]}}],"collection":[{"href":"https:\/\/packnatur.at\/es\/wp-json\/wp\/v2\/pages"}],"about":[{"href":"https:\/\/packnatur.at\/es\/wp-json\/wp\/v2\/types\/page"}],"author":[{"embeddable":true,"href":"https:\/\/packnatur.at\/es\/wp-json\/wp\/v2\/users\/8"}],"replies":[{"embeddable":true,"href":"https:\/\/packnatur.at\/es\/wp-json\/wp\/v2\/comments?post=5062"}],"version-history":[{"count":20,"href":"https:\/\/packnatur.at\/es\/wp-json\/wp\/v2\/pages\/5062\/revisions"}],"predecessor-version":[{"id":10153,"href":"https:\/\/packnatur.at\/es\/wp-json\/wp\/v2\/pages\/5062\/revisions\/10153"}],"wp:attachment":[{"href":"https:\/\/packnatur.at\/es\/wp-json\/wp\/v2\/media?parent=5062"}],"curies":[{"name":"wp","href":"https:\/\/api.w.org\/{rel}","templated":true}]}}