{"id":3210,"date":"2020-11-26T13:28:41","date_gmt":"2020-11-26T12:28:41","guid":{"rendered":"https:\/\/packnatur.at\/?page_id=3210"},"modified":"2024-09-23T15:41:50","modified_gmt":"2024-09-23T13:41:50","slug":"mentions-legales","status":"publish","type":"page","link":"https:\/\/packnatur.at\/fr\/mentions-legales\/","title":{"rendered":"Mentions l\u00e9gales"},"content":{"rendered":"\n<p>PACKNATUR GMBH<br>Angerstrasse 28<br>8292 Neudau<br>Autriche<\/p>\n\n\n\n<p>T\u00e9l\u00e9phone&nbsp;: +43 3383 30301<br>E-mail&nbsp;: office@packnatur.at<br>Web&nbsp;: www.packnatur.at<\/p>\n\n\n\n<p>Num\u00e9ro de licence ARA&nbsp;: 24962<br>NACE&nbsp;: C13.94-0<\/p>\n\n\n\n<p>Num\u00e9ro identification TVA&nbsp;: ATU 74007004<br>Num\u00e9ro d&#8217;enregistrement de la soci\u00e9t\u00e9&nbsp;: 504659x,<br>Comp\u00e9tence juridictionnelle&nbsp;: Landesgericht f\u00fcr Zivilrechtssachen Graz<br>N\u00b0 EORI&nbsp;: ATEOS1000129820<\/p>\n\n\n\n<p>Banque&nbsp;: Stmk. Bank u. Sparkassen AG Graz<br>Compte&nbsp;: 4300-901537<br>Code bancaire&nbsp;: 20815<br>IBAN&nbsp;: AT072081504300901537 SWIFT \/ BIC&nbsp;: STSPAT2G<\/p>\n\n\n\n<p>Objet social&nbsp;: Production d&#8217;articles de corderie (par ex. filets, etc.) sous la forme d&#8217;une entreprise industrielle<br>Autorit\u00e9 charg\u00e9e de l&#8217;application de la loi sur le commerce \u00e9lectronique : Magistrat Graz, Gewerbeamt<br>Chambre : Chambre de commerce de Styrie<br>R\u00e9glementation applicable&nbsp;: www.ris.bka.gv.at<\/p>\n\n\n\n<p>Orientation de base du contenu du site web&nbsp;: information sur les biens et services de l&#8217;entreprise et promotion de ceux-ci.<br>Les utilisateurs ont la possibilit\u00e9 de soumettre des plaintes \u00e0 la plateforme de r\u00e8glement des litiges en ligne de l&#8217;UE&nbsp;: http:\/\/ec.europa.eu\/odr<br>Vous pouvez \u00e9galement envoyer vos plaintes \u00e0 l&#8217;adresse \u00e9lectronique ci-dessus.<\/p>\n\n\n\n<p>Notre message : Informations sur les emballages en filet en bois<\/p>\n\n\n\n<p>Directeurs g\u00e9n\u00e9raux : Ing. Manfred Kern, Directeur des ventes: Markus Kainer<br>Actionnaires de la soci\u00e9t\u00e9 : Susanne Meininger 50\u00a0% Algotec Entwicklungs- und Verwertungsges.m.b.H., Bettina Reichl 50 % Algotec Entwicklungs- und Verwertungsges.m.b.H.<\/p>\n\n\n\n<p>Concept cr\u00e9atif + design :&nbsp;<a rel=\"noreferrer noopener\" href=\"http:\/\/von-k.com\/\" target=\"_blank\">von k &#8211; Brand Design<\/a><br>Code + impl\u00e9mentation :&nbsp;<a href=\"http:\/\/love-it.at\" data-type=\"URL\" data-id=\"http:\/\/love-it.at\">LOVE-IT<\/a><br>D\u00e9veloppement de la marque : Johanna Ecker<br>Libell\u00e9 : <a href=\"http:\/\/www.ninaprehofer.com\/\">Nina Prehofer<\/a><br>Photos :&nbsp;<a rel=\"noreferrer noopener\" href=\"http:\/\/www.kanizaj-marija.com\/\" target=\"_blank\">Marija Kani\u017eaj<\/a><br>Vid\u00e9o&nbsp;: <a href=\"https:\/\/black-phoenix.at\/\">Black Phoenix Positioning<\/a><br>Traduction:<a href=\"http:\/\/infolingua.com\/\"> Infolingua Cross-border Communication<\/a><\/p>\n","protected":false},"excerpt":{"rendered":"<p>PACKNATUR GMBHAngerstrasse 288292 NeudauAutriche T\u00e9l\u00e9phone&nbsp;: +43 3383 30301E-mail&nbsp;: office@packnatur.atWeb&nbsp;: www.packnatur.at Num\u00e9ro de licence ARA&nbsp;: 24962NACE&nbsp;: C13.94-0 Num\u00e9ro identification TVA&nbsp;: ATU 74007004Num\u00e9ro d&#8217;enregistrement de la soci\u00e9t\u00e9&nbsp;: 504659x,Comp\u00e9tence juridictionnelle&nbsp;: Landesgericht f\u00fcr Zivilrechtssachen GrazN\u00b0 EORI&nbsp;: ATEOS1000129820 Banque&nbsp;: Stmk. Bank u. Sparkassen AG GrazCompte&nbsp;: 4300-901537Code bancaire&nbsp;: 20815IBAN&nbsp;: AT072081504300901537 SWIFT \/ BIC&nbsp;: STSPAT2G Objet social&nbsp;: Production d&#8217;articles de corderie (par [&hellip;]<\/p>\n","protected":false},"author":8,"featured_media":0,"parent":0,"menu_order":0,"comment_status":"closed","ping_status":"closed","template":"","meta":{"_acf_changed":false,"inline_featured_image":false,"footnotes":""},"class_list":["post-3210","page","type-page","status-publish","hentry"],"acf":[],"yoast_head":"<!-- This site is optimized with the Yoast SEO plugin v27.4 - https:\/\/yoast.com\/product\/yoast-seo-wordpress\/ -->\n<title>Mentions l\u00e9gales - Packnatur<\/title>\n<meta name=\"robots\" content=\"index, follow, max-snippet:-1, max-image-preview:large, max-video-preview:-1\" \/>\n<link rel=\"canonical\" href=\"https:\/\/packnatur.at\/fr\/mentions-legales\/\" \/>\n<meta property=\"og:locale\" content=\"fr_FR\" \/>\n<meta property=\"og:type\" content=\"article\" \/>\n<meta property=\"og:title\" content=\"Mentions l\u00e9gales - Packnatur\" \/>\n<meta property=\"og:description\" content=\"PACKNATUR GMBHAngerstrasse 288292 NeudauAutriche T\u00e9l\u00e9phone&nbsp;: +43 3383 30301E-mail&nbsp;: office@packnatur.atWeb&nbsp;: www.packnatur.at Num\u00e9ro de licence ARA&nbsp;: 24962NACE&nbsp;: C13.94-0 Num\u00e9ro identification TVA&nbsp;: ATU 74007004Num\u00e9ro d&#8217;enregistrement de la soci\u00e9t\u00e9&nbsp;: 504659x,Comp\u00e9tence juridictionnelle&nbsp;: Landesgericht f\u00fcr Zivilrechtssachen GrazN\u00b0 EORI&nbsp;: ATEOS1000129820 Banque&nbsp;: Stmk. Bank u. Sparkassen AG GrazCompte&nbsp;: 4300-901537Code bancaire&nbsp;: 20815IBAN&nbsp;: AT072081504300901537 SWIFT \/ BIC&nbsp;: STSPAT2G Objet social&nbsp;: Production d&#8217;articles de corderie (par [&hellip;]\" \/>\n<meta property=\"og:url\" content=\"https:\/\/packnatur.at\/fr\/mentions-legales\/\" \/>\n<meta property=\"og:site_name\" content=\"Packnatur\" \/>\n<meta property=\"article:modified_time\" content=\"2024-09-23T13:41:50+00:00\" \/>\n<meta name=\"twitter:card\" content=\"summary_large_image\" \/>\n<meta name=\"twitter:label1\" content=\"Est. reading time\" \/>\n\t<meta name=\"twitter:data1\" content=\"1 minute\" \/>\n<script type=\"application\/ld+json\" class=\"yoast-schema-graph\">{\"@context\":\"https:\\\/\\\/schema.org\",\"@graph\":[{\"@type\":\"WebPage\",\"@id\":\"https:\\\/\\\/packnatur.at\\\/fr\\\/mentions-legales\\\/\",\"url\":\"https:\\\/\\\/packnatur.at\\\/fr\\\/mentions-legales\\\/\",\"name\":\"Mentions l\u00e9gales - Packnatur\",\"isPartOf\":{\"@id\":\"https:\\\/\\\/packnatur.at\\\/fr\\\/#website\"},\"datePublished\":\"2020-11-26T12:28:41+00:00\",\"dateModified\":\"2024-09-23T13:41:50+00:00\",\"breadcrumb\":{\"@id\":\"https:\\\/\\\/packnatur.at\\\/fr\\\/mentions-legales\\\/#breadcrumb\"},\"inLanguage\":\"fr-FR\",\"potentialAction\":[{\"@type\":\"ReadAction\",\"target\":[\"https:\\\/\\\/packnatur.at\\\/fr\\\/mentions-legales\\\/\"]}]},{\"@type\":\"BreadcrumbList\",\"@id\":\"https:\\\/\\\/packnatur.at\\\/fr\\\/mentions-legales\\\/#breadcrumb\",\"itemListElement\":[{\"@type\":\"ListItem\",\"position\":1,\"name\":\"Home\",\"item\":\"https:\\\/\\\/packnatur.at\\\/fr\\\/\"},{\"@type\":\"ListItem\",\"position\":2,\"name\":\"Mentions l\u00e9gales\"}]},{\"@type\":\"WebSite\",\"@id\":\"https:\\\/\\\/packnatur.at\\\/fr\\\/#website\",\"url\":\"https:\\\/\\\/packnatur.at\\\/fr\\\/\",\"name\":\"Packnatur\",\"description\":\"von Natur aus\",\"publisher\":{\"@id\":\"https:\\\/\\\/packnatur.at\\\/fr\\\/#organization\"},\"potentialAction\":[{\"@type\":\"SearchAction\",\"target\":{\"@type\":\"EntryPoint\",\"urlTemplate\":\"https:\\\/\\\/packnatur.at\\\/fr\\\/?s={search_term_string}\"},\"query-input\":{\"@type\":\"PropertyValueSpecification\",\"valueRequired\":true,\"valueName\":\"search_term_string\"}}],\"inLanguage\":\"fr-FR\"},{\"@type\":\"Organization\",\"@id\":\"https:\\\/\\\/packnatur.at\\\/fr\\\/#organization\",\"name\":\"Packnatur\",\"url\":\"https:\\\/\\\/packnatur.at\\\/fr\\\/\",\"logo\":{\"@type\":\"ImageObject\",\"inLanguage\":\"fr-FR\",\"@id\":\"https:\\\/\\\/packnatur.at\\\/fr\\\/#\\\/schema\\\/logo\\\/image\\\/\",\"url\":\"https:\\\/\\\/packnatur.at\\\/wp-content\\\/uploads\\\/2020\\\/07\\\/cropped-logo.png\",\"contentUrl\":\"https:\\\/\\\/packnatur.at\\\/wp-content\\\/uploads\\\/2020\\\/07\\\/cropped-logo.png\",\"width\":994,\"height\":295,\"caption\":\"Packnatur\"},\"image\":{\"@id\":\"https:\\\/\\\/packnatur.at\\\/fr\\\/#\\\/schema\\\/logo\\\/image\\\/\"}}]}<\/script>\n<!-- \/ Yoast SEO plugin. -->","yoast_head_json":{"title":"Mentions l\u00e9gales - Packnatur","robots":{"index":"index","follow":"follow","max-snippet":"max-snippet:-1","max-image-preview":"max-image-preview:large","max-video-preview":"max-video-preview:-1"},"canonical":"https:\/\/packnatur.at\/fr\/mentions-legales\/","og_locale":"fr_FR","og_type":"article","og_title":"Mentions l\u00e9gales - Packnatur","og_description":"PACKNATUR GMBHAngerstrasse 288292 NeudauAutriche T\u00e9l\u00e9phone&nbsp;: +43 3383 30301E-mail&nbsp;: office@packnatur.atWeb&nbsp;: www.packnatur.at Num\u00e9ro de licence ARA&nbsp;: 24962NACE&nbsp;: C13.94-0 Num\u00e9ro identification TVA&nbsp;: ATU 74007004Num\u00e9ro d&#8217;enregistrement de la soci\u00e9t\u00e9&nbsp;: 504659x,Comp\u00e9tence juridictionnelle&nbsp;: Landesgericht f\u00fcr Zivilrechtssachen GrazN\u00b0 EORI&nbsp;: ATEOS1000129820 Banque&nbsp;: Stmk. Bank u. Sparkassen AG GrazCompte&nbsp;: 4300-901537Code bancaire&nbsp;: 20815IBAN&nbsp;: AT072081504300901537 SWIFT \/ BIC&nbsp;: STSPAT2G Objet social&nbsp;: Production d&#8217;articles de corderie (par [&hellip;]","og_url":"https:\/\/packnatur.at\/fr\/mentions-legales\/","og_site_name":"Packnatur","article_modified_time":"2024-09-23T13:41:50+00:00","twitter_card":"summary_large_image","twitter_misc":{"Est. reading time":"1 minute"},"schema":{"@context":"https:\/\/schema.org","@graph":[{"@type":"WebPage","@id":"https:\/\/packnatur.at\/fr\/mentions-legales\/","url":"https:\/\/packnatur.at\/fr\/mentions-legales\/","name":"Mentions l\u00e9gales - Packnatur","isPartOf":{"@id":"https:\/\/packnatur.at\/fr\/#website"},"datePublished":"2020-11-26T12:28:41+00:00","dateModified":"2024-09-23T13:41:50+00:00","breadcrumb":{"@id":"https:\/\/packnatur.at\/fr\/mentions-legales\/#breadcrumb"},"inLanguage":"fr-FR","potentialAction":[{"@type":"ReadAction","target":["https:\/\/packnatur.at\/fr\/mentions-legales\/"]}]},{"@type":"BreadcrumbList","@id":"https:\/\/packnatur.at\/fr\/mentions-legales\/#breadcrumb","itemListElement":[{"@type":"ListItem","position":1,"name":"Home","item":"https:\/\/packnatur.at\/fr\/"},{"@type":"ListItem","position":2,"name":"Mentions l\u00e9gales"}]},{"@type":"WebSite","@id":"https:\/\/packnatur.at\/fr\/#website","url":"https:\/\/packnatur.at\/fr\/","name":"Packnatur","description":"von Natur aus","publisher":{"@id":"https:\/\/packnatur.at\/fr\/#organization"},"potentialAction":[{"@type":"SearchAction","target":{"@type":"EntryPoint","urlTemplate":"https:\/\/packnatur.at\/fr\/?s={search_term_string}"},"query-input":{"@type":"PropertyValueSpecification","valueRequired":true,"valueName":"search_term_string"}}],"inLanguage":"fr-FR"},{"@type":"Organization","@id":"https:\/\/packnatur.at\/fr\/#organization","name":"Packnatur","url":"https:\/\/packnatur.at\/fr\/","logo":{"@type":"ImageObject","inLanguage":"fr-FR","@id":"https:\/\/packnatur.at\/fr\/#\/schema\/logo\/image\/","url":"https:\/\/packnatur.at\/wp-content\/uploads\/2020\/07\/cropped-logo.png","contentUrl":"https:\/\/packnatur.at\/wp-content\/uploads\/2020\/07\/cropped-logo.png","width":994,"height":295,"caption":"Packnatur"},"image":{"@id":"https:\/\/packnatur.at\/fr\/#\/schema\/logo\/image\/"}}]}},"_links":{"self":[{"href":"https:\/\/packnatur.at\/fr\/wp-json\/wp\/v2\/pages\/3210","targetHints":{"allow":["GET"]}}],"collection":[{"href":"https:\/\/packnatur.at\/fr\/wp-json\/wp\/v2\/pages"}],"about":[{"href":"https:\/\/packnatur.at\/fr\/wp-json\/wp\/v2\/types\/page"}],"author":[{"embeddable":true,"href":"https:\/\/packnatur.at\/fr\/wp-json\/wp\/v2\/users\/8"}],"replies":[{"embeddable":true,"href":"https:\/\/packnatur.at\/fr\/wp-json\/wp\/v2\/comments?post=3210"}],"version-history":[{"count":10,"href":"https:\/\/packnatur.at\/fr\/wp-json\/wp\/v2\/pages\/3210\/revisions"}],"predecessor-version":[{"id":9995,"href":"https:\/\/packnatur.at\/fr\/wp-json\/wp\/v2\/pages\/3210\/revisions\/9995"}],"wp:attachment":[{"href":"https:\/\/packnatur.at\/fr\/wp-json\/wp\/v2\/media?parent=3210"}],"curies":[{"name":"wp","href":"https:\/\/api.w.org\/{rel}","templated":true}]}}