{"id":3236,"date":"2020-11-26T14:14:30","date_gmt":"2020-11-26T13:14:30","guid":{"rendered":"https:\/\/packnatur.at\/?page_id=3236"},"modified":"2024-10-03T10:57:48","modified_gmt":"2024-10-03T08:57:48","slug":"etiquettes-bio","status":"publish","type":"page","link":"https:\/\/packnatur.at\/fr\/produits\/etiquettes-bio\/","title":{"rendered":"\u00c9tiquettes Bio"},"content":{"rendered":"<div id=\"block_title_with_image-block_5f61cab5fb6b6\" class=\"block_title_with_image\">\n                        \n<div class=\"block-title-with-image__background-container\">\n    <div class=\"block-title-with-image__background\" style=\"background-color: #d7ddce;\"><\/div>\n    <div class=\"container\">\n        <div class=\"row\">\n            <div class=\"block-title-with-image-content\">\n                                    <div class=\"block-title-with-image__subtitle\">PACKNATUR<sup>\u00ae<\/sup><\/div>\n                                                    <h1 class=\"block-title-with-image__title\">\u00c9tiquettes Bio<\/h1>\n                                                <div class=\"block-title-with-image__image-container\">\n                        <div class=\"img\" style='background-image: url(\"https:\/\/packnatur.at\/wp-content\/uploads\/2020\/10\/Biostegetiketten-Intro_Detail.jpg\"); background-repeat: no-repeat; background-position: center; background-size: cover; '><\/div>\n                <\/div>\n            <\/div>\n        <\/div>\n    <\/div>\n<\/div>\n            \n<div class=\"container\">\n    <div class=\"row\">\n        <div class=\"block-title-with-image-content\">\n\n                            <h2 class=\"block-title-with-image__title2\">Naturel, <br \/>\r\nmais orient\u00e9 vers le futur.<\/h2>\n            \n                            <div class=\"block-title-with-image__intro\">En tant qu&#8217;experts, nous vous proposons un gamme compl\u00e8te de produits. <br \/>\r\nC&#8217;est (bio)logique, n&#8217;est-ce pas ?<br \/>\r\n<br \/>\r\nComme nous n\u2019\u00e9tions pas satisfaits par les \u00e9tiquettes propos\u00e9es sur le march\u00e9, nous avons d\u00e9cid\u00e9 de les d\u00e9velopper nous-m\u00eames. Avec nos partenaires, IM Polymer GmbH et Lenzing Plastics GmbH &#038; Co KG, nous avons r\u00e9ussi \u00e0 r\u00e9aliser un produit enti\u00e8rement biologique.<\/div>\n            \n            \n        <\/div>\n    <\/div>\n<\/div><\/div>\n\n<div id=\"block-facts-subtitle-block_5f61d211d286d\" class=\"block-facts-subtitle\">\n    <div class=\"block-facts-subtitle__subtitle \">LE COMPL\u00c9MENT ID\u00c9AL \r\nPOUR L\u2019EMBALLAGE \r\nEN CELLULOSE PACKNATUR<sup>\u00ae<\/sup>.<\/div>\n        <\/div>\n\n<div id=\"block-download-buttons-block_5fa951a136fac\" class=\"block-download-buttons\">\n                            <div class=\"block-download-buttons__link-container\">\n                    <a target=\"_blank\" class=\"button\" href=\"https:\/\/packnatur.at\/wp-content\/uploads\/2024\/10\/PR_Packnatur_Etiquettes_Bio_FR.pdf\">Fiche d\u2019information<\/a>\n                <\/div>\n                            <div class=\"block-download-buttons__link-container\">\n                    <a target=\"_blank\" class=\"button\" href=\"https:\/\/packnatur.at\/wp-content\/uploads\/2021\/01\/FR_Technisches-Datenblatt_Packnatur-Bio-Stegetiketten.pdf\">Fiche technique<\/a>\n                <\/div>\n                <\/div>\n\n<div id=\"block_two_images_one_wide-block_5f688ef452a65\" class=\"block_two_images_one_wide\">\n    <div class=\"block_two_images_one_wide__inner-container\">\n        <div class=\"block_two_images_one_wide__wide-image-container\">\n            <img decoding=\"async\" src=\"https:\/\/packnatur.at\/wp-content\/uploads\/2020\/10\/Biostegetiketten-Gal-01.jpg\" \/>\n        <\/div>\n        <div class=\"block_two_images_one_wide__narrow-image-container\">\n            <img decoding=\"async\" src=\"https:\/\/packnatur.at\/wp-content\/uploads\/2020\/10\/Biostegetiketten-Gal-02.jpg\" \/>\n        <\/div>\n    <\/div>\n<\/div>\n\n\n<div class=\"wp-block-columns is-layout-flex wp-container-core-columns-is-layout-9d6595d7 wp-block-columns-is-layout-flex\">\n<div class=\"wp-block-column is-layout-flow wp-block-column-is-layout-flow\">\n<p>Les \u00e9tiquettes biologiques Packnatur<sup>\u00ae<\/sup> sont constitu\u00e9es d&#8217;un film composite r\u00e9sistant aux d\u00e9chirures et \u00e0 l\u2019humidit\u00e9 enti\u00e8rement exempt de produits p\u00e9trochimiques, en combinaison avec du papier de cellulose. Toutes les mati\u00e8res premi\u00e8res utilis\u00e9es sont d&#8217;origine biog\u00e8ne ou min\u00e9rale et compostables. Les \u00e9tiquettes sont certifi\u00e9es pour \u00eatre compostables au niveau industriel (norme EN 13432) et n&#8217;utilisent pas de papier thermique, une mati\u00e8re controvers\u00e9e \u00e0 cause du bisph\u00e9nol A.<\/p>\n<\/div>\n\n\n\n<div class=\"wp-block-column is-layout-flow wp-block-column-is-layout-flow\">\n<p>Les \u00e9tiquettes bio Packnatur<sup>\u00ae<\/sup> sont imprim\u00e9es par transfert thermique (ruban de carbone) pour le code EAN et le marquage des lots.<\/p>\n<\/div>\n<\/div>\n\n\n\n<div class=\"wp-block-columns is-layout-flex wp-container-core-columns-is-layout-9d6595d7 wp-block-columns-is-layout-flex\">\n<div class=\"wp-block-column is-layout-flow wp-block-column-is-layout-flow\">\n<p>Nous fournissons les \u00e9tiquettes non imprim\u00e9es en petites quantit\u00e9s ou avec jusqu&#8217;\u00e0 sept couleurs avec votre image imprim\u00e9e (\u00e0 partir de 200.000 pi\u00e8ces). Veuillez nous contacter directement pour en savoir plus&nbsp;!<\/p>\n<\/div>\n\n\n\n<div class=\"wp-block-column is-layout-flow wp-block-column-is-layout-flow\"><\/div>\n<\/div>\n\n\n<div id=\"block-facts-subtitle-block_5f61d392d2872\" class=\"block-facts-subtitle\">\n    <div class=\"block-facts-subtitle__subtitle subtitle_with_border_class\">INFORMATIONS TECHNIQUES<\/div>\n        <\/div>\n\n<div id=\"block-detail-table-block_5f61dadf65be1\" class=\"block_detail_table\">\n                        <div class=\"block_detail_table_row\">\n\n                <div class=\"block_detail_table__heading\">\n                    REV\u00caTEMENT                <\/div>\n                <div class=\"block_detail_table__content\">\n                    <span>Rev\u00eatement plastique biologique<\/span>\n                <\/div>\n            <\/div>\n                    <div class=\"block_detail_table_row\">\n\n                <div class=\"block_detail_table__heading\">\n                    DIMENSIONS                <\/div>\n                <div class=\"block_detail_table__content\">\n                    <span>146 x 40 mm (Personnalis\u00e9)<\/span>\n                <\/div>\n            <\/div>\n                    <div class=\"block_detail_table_row\">\n\n                <div class=\"block_detail_table__heading\">\n                    R\u00c9SISTANCE \u00c0 LA TRACTION (ISO527) longitudinale\/transversale                <\/div>\n                <div class=\"block_detail_table__content\">\n                    <span>N\/50 mm \u2013 >400\/>200<\/span>\n                <\/div>\n            <\/div>\n                    <div class=\"block_detail_table_row\">\n\n                <div class=\"block_detail_table__heading\">\n                    ALLONGEMENT (ISO527) longitudinal\/transversal                <\/div>\n                <div class=\"block_detail_table__content\">\n                    <span>% \u2013 <10\/<10<\/span>\n                <\/div>\n            <\/div>\n                    <div class=\"block_detail_table_row\">\n\n                <div class=\"block_detail_table__heading\">\n                    DIAM\u00c8TRE DU NOYAU                <\/div>\n                <div class=\"block_detail_table__content\">\n                    <span>76 mm<\/span>\n                <\/div>\n            <\/div>\n                    <div class=\"block_detail_table_row\">\n\n                <div class=\"block_detail_table__heading\">\n                    PI\u00c8CE \/ ROULEAU                <\/div>\n                <div class=\"block_detail_table__content\">\n                    <span>Personnalis\u00e9<\/span>\n                <\/div>\n            <\/div>\n                    <div class=\"block_detail_table_row\">\n\n                <div class=\"block_detail_table__heading\">\n                    IMPRESSION                <\/div>\n                <div class=\"block_detail_table__content\">\n                    <span>Flexopress (CMYK, Pantone)<\/span>\n                <\/div>\n            <\/div>\n            <\/div>\n\n\n<h2 class=\"has-text-align-center wp-block-heading\" id=\"simplement-bio-genial-bio-logique\">Simplement bio-g\u00e9nial&nbsp;!<br>Bio(logique)&nbsp;!<br><br><span class=\"packnatur-leaf\"><\/span><\/h2>\n","protected":false},"excerpt":{"rendered":"<p>Les \u00e9tiquettes biologiques Packnatur\u00ae sont constitu\u00e9es d&#8217;un film composite r\u00e9sistant aux d\u00e9chirures et \u00e0 l\u2019humidit\u00e9 enti\u00e8rement exempt de produits p\u00e9trochimiques, en combinaison avec du papier de cellulose. Toutes les mati\u00e8res premi\u00e8res utilis\u00e9es sont d&#8217;origine biog\u00e8ne ou min\u00e9rale et compostables. Les \u00e9tiquettes sont certifi\u00e9es pour \u00eatre compostables au niveau industriel (norme EN 13432) et n&#8217;utilisent pas [&hellip;]<\/p>\n","protected":false},"author":8,"featured_media":0,"parent":354,"menu_order":0,"comment_status":"closed","ping_status":"closed","template":"","meta":{"_acf_changed":false,"inline_featured_image":false,"footnotes":""},"class_list":["post-3236","page","type-page","status-publish","hentry"],"acf":[],"yoast_head":"<!-- This site is optimized with the Yoast SEO plugin v27.4 - https:\/\/yoast.com\/product\/yoast-seo-wordpress\/ -->\n<title>\u00c9tiquettes Bio - Packnatur<\/title>\n<meta name=\"robots\" content=\"index, follow, max-snippet:-1, max-image-preview:large, max-video-preview:-1\" \/>\n<link rel=\"canonical\" href=\"https:\/\/packnatur.at\/fr\/produits\/etiquettes-bio\/\" \/>\n<meta property=\"og:locale\" content=\"fr_FR\" \/>\n<meta property=\"og:type\" content=\"article\" \/>\n<meta property=\"og:title\" content=\"\u00c9tiquettes Bio - Packnatur\" \/>\n<meta property=\"og:description\" content=\"Les \u00e9tiquettes biologiques Packnatur\u00ae sont constitu\u00e9es d&#8217;un film composite r\u00e9sistant aux d\u00e9chirures et \u00e0 l\u2019humidit\u00e9 enti\u00e8rement exempt de produits p\u00e9trochimiques, en combinaison avec du papier de cellulose. Toutes les mati\u00e8res premi\u00e8res utilis\u00e9es sont d&#8217;origine biog\u00e8ne ou min\u00e9rale et compostables. Les \u00e9tiquettes sont certifi\u00e9es pour \u00eatre compostables au niveau industriel (norme EN 13432) et n&#8217;utilisent pas [&hellip;]\" \/>\n<meta property=\"og:url\" content=\"https:\/\/packnatur.at\/fr\/produits\/etiquettes-bio\/\" \/>\n<meta property=\"og:site_name\" content=\"Packnatur\" \/>\n<meta property=\"article:modified_time\" content=\"2024-10-03T08:57:48+00:00\" \/>\n<meta name=\"twitter:card\" content=\"summary_large_image\" \/>\n<meta name=\"twitter:label1\" content=\"Est. reading time\" \/>\n\t<meta name=\"twitter:data1\" content=\"1 minute\" \/>\n<script type=\"application\/ld+json\" class=\"yoast-schema-graph\">{\"@context\":\"https:\\\/\\\/schema.org\",\"@graph\":[{\"@type\":\"WebPage\",\"@id\":\"https:\\\/\\\/packnatur.at\\\/fr\\\/produits\\\/etiquettes-bio\\\/\",\"url\":\"https:\\\/\\\/packnatur.at\\\/fr\\\/produits\\\/etiquettes-bio\\\/\",\"name\":\"\u00c9tiquettes Bio - Packnatur\",\"isPartOf\":{\"@id\":\"https:\\\/\\\/packnatur.at\\\/fr\\\/#website\"},\"datePublished\":\"2020-11-26T13:14:30+00:00\",\"dateModified\":\"2024-10-03T08:57:48+00:00\",\"breadcrumb\":{\"@id\":\"https:\\\/\\\/packnatur.at\\\/fr\\\/produits\\\/etiquettes-bio\\\/#breadcrumb\"},\"inLanguage\":\"fr-FR\",\"potentialAction\":[{\"@type\":\"ReadAction\",\"target\":[\"https:\\\/\\\/packnatur.at\\\/fr\\\/produits\\\/etiquettes-bio\\\/\"]}]},{\"@type\":\"BreadcrumbList\",\"@id\":\"https:\\\/\\\/packnatur.at\\\/fr\\\/produits\\\/etiquettes-bio\\\/#breadcrumb\",\"itemListElement\":[{\"@type\":\"ListItem\",\"position\":1,\"name\":\"Home\",\"item\":\"https:\\\/\\\/packnatur.at\\\/fr\\\/\"},{\"@type\":\"ListItem\",\"position\":2,\"name\":\"Produits\",\"item\":\"https:\\\/\\\/packnatur.at\\\/fr\\\/produkte\\\/\"},{\"@type\":\"ListItem\",\"position\":3,\"name\":\"\u00c9tiquettes Bio\"}]},{\"@type\":\"WebSite\",\"@id\":\"https:\\\/\\\/packnatur.at\\\/fr\\\/#website\",\"url\":\"https:\\\/\\\/packnatur.at\\\/fr\\\/\",\"name\":\"Packnatur\",\"description\":\"von Natur aus\",\"publisher\":{\"@id\":\"https:\\\/\\\/packnatur.at\\\/fr\\\/#organization\"},\"potentialAction\":[{\"@type\":\"SearchAction\",\"target\":{\"@type\":\"EntryPoint\",\"urlTemplate\":\"https:\\\/\\\/packnatur.at\\\/fr\\\/?s={search_term_string}\"},\"query-input\":{\"@type\":\"PropertyValueSpecification\",\"valueRequired\":true,\"valueName\":\"search_term_string\"}}],\"inLanguage\":\"fr-FR\"},{\"@type\":\"Organization\",\"@id\":\"https:\\\/\\\/packnatur.at\\\/fr\\\/#organization\",\"name\":\"Packnatur\",\"url\":\"https:\\\/\\\/packnatur.at\\\/fr\\\/\",\"logo\":{\"@type\":\"ImageObject\",\"inLanguage\":\"fr-FR\",\"@id\":\"https:\\\/\\\/packnatur.at\\\/fr\\\/#\\\/schema\\\/logo\\\/image\\\/\",\"url\":\"https:\\\/\\\/packnatur.at\\\/wp-content\\\/uploads\\\/2020\\\/07\\\/cropped-logo.png\",\"contentUrl\":\"https:\\\/\\\/packnatur.at\\\/wp-content\\\/uploads\\\/2020\\\/07\\\/cropped-logo.png\",\"width\":994,\"height\":295,\"caption\":\"Packnatur\"},\"image\":{\"@id\":\"https:\\\/\\\/packnatur.at\\\/fr\\\/#\\\/schema\\\/logo\\\/image\\\/\"}}]}<\/script>\n<!-- \/ Yoast SEO plugin. -->","yoast_head_json":{"title":"\u00c9tiquettes Bio - Packnatur","robots":{"index":"index","follow":"follow","max-snippet":"max-snippet:-1","max-image-preview":"max-image-preview:large","max-video-preview":"max-video-preview:-1"},"canonical":"https:\/\/packnatur.at\/fr\/produits\/etiquettes-bio\/","og_locale":"fr_FR","og_type":"article","og_title":"\u00c9tiquettes Bio - Packnatur","og_description":"Les \u00e9tiquettes biologiques Packnatur\u00ae sont constitu\u00e9es d&#8217;un film composite r\u00e9sistant aux d\u00e9chirures et \u00e0 l\u2019humidit\u00e9 enti\u00e8rement exempt de produits p\u00e9trochimiques, en combinaison avec du papier de cellulose. Toutes les mati\u00e8res premi\u00e8res utilis\u00e9es sont d&#8217;origine biog\u00e8ne ou min\u00e9rale et compostables. Les \u00e9tiquettes sont certifi\u00e9es pour \u00eatre compostables au niveau industriel (norme EN 13432) et n&#8217;utilisent pas [&hellip;]","og_url":"https:\/\/packnatur.at\/fr\/produits\/etiquettes-bio\/","og_site_name":"Packnatur","article_modified_time":"2024-10-03T08:57:48+00:00","twitter_card":"summary_large_image","twitter_misc":{"Est. reading time":"1 minute"},"schema":{"@context":"https:\/\/schema.org","@graph":[{"@type":"WebPage","@id":"https:\/\/packnatur.at\/fr\/produits\/etiquettes-bio\/","url":"https:\/\/packnatur.at\/fr\/produits\/etiquettes-bio\/","name":"\u00c9tiquettes Bio - Packnatur","isPartOf":{"@id":"https:\/\/packnatur.at\/fr\/#website"},"datePublished":"2020-11-26T13:14:30+00:00","dateModified":"2024-10-03T08:57:48+00:00","breadcrumb":{"@id":"https:\/\/packnatur.at\/fr\/produits\/etiquettes-bio\/#breadcrumb"},"inLanguage":"fr-FR","potentialAction":[{"@type":"ReadAction","target":["https:\/\/packnatur.at\/fr\/produits\/etiquettes-bio\/"]}]},{"@type":"BreadcrumbList","@id":"https:\/\/packnatur.at\/fr\/produits\/etiquettes-bio\/#breadcrumb","itemListElement":[{"@type":"ListItem","position":1,"name":"Home","item":"https:\/\/packnatur.at\/fr\/"},{"@type":"ListItem","position":2,"name":"Produits","item":"https:\/\/packnatur.at\/fr\/produkte\/"},{"@type":"ListItem","position":3,"name":"\u00c9tiquettes Bio"}]},{"@type":"WebSite","@id":"https:\/\/packnatur.at\/fr\/#website","url":"https:\/\/packnatur.at\/fr\/","name":"Packnatur","description":"von Natur aus","publisher":{"@id":"https:\/\/packnatur.at\/fr\/#organization"},"potentialAction":[{"@type":"SearchAction","target":{"@type":"EntryPoint","urlTemplate":"https:\/\/packnatur.at\/fr\/?s={search_term_string}"},"query-input":{"@type":"PropertyValueSpecification","valueRequired":true,"valueName":"search_term_string"}}],"inLanguage":"fr-FR"},{"@type":"Organization","@id":"https:\/\/packnatur.at\/fr\/#organization","name":"Packnatur","url":"https:\/\/packnatur.at\/fr\/","logo":{"@type":"ImageObject","inLanguage":"fr-FR","@id":"https:\/\/packnatur.at\/fr\/#\/schema\/logo\/image\/","url":"https:\/\/packnatur.at\/wp-content\/uploads\/2020\/07\/cropped-logo.png","contentUrl":"https:\/\/packnatur.at\/wp-content\/uploads\/2020\/07\/cropped-logo.png","width":994,"height":295,"caption":"Packnatur"},"image":{"@id":"https:\/\/packnatur.at\/fr\/#\/schema\/logo\/image\/"}}]}},"_links":{"self":[{"href":"https:\/\/packnatur.at\/fr\/wp-json\/wp\/v2\/pages\/3236","targetHints":{"allow":["GET"]}}],"collection":[{"href":"https:\/\/packnatur.at\/fr\/wp-json\/wp\/v2\/pages"}],"about":[{"href":"https:\/\/packnatur.at\/fr\/wp-json\/wp\/v2\/types\/page"}],"author":[{"embeddable":true,"href":"https:\/\/packnatur.at\/fr\/wp-json\/wp\/v2\/users\/8"}],"replies":[{"embeddable":true,"href":"https:\/\/packnatur.at\/fr\/wp-json\/wp\/v2\/comments?post=3236"}],"version-history":[{"count":21,"href":"https:\/\/packnatur.at\/fr\/wp-json\/wp\/v2\/pages\/3236\/revisions"}],"predecessor-version":[{"id":10168,"href":"https:\/\/packnatur.at\/fr\/wp-json\/wp\/v2\/pages\/3236\/revisions\/10168"}],"up":[{"embeddable":true,"href":"https:\/\/packnatur.at\/fr\/wp-json\/wp\/v2\/pages\/354"}],"wp:attachment":[{"href":"https:\/\/packnatur.at\/fr\/wp-json\/wp\/v2\/media?parent=3236"}],"curies":[{"name":"wp","href":"https:\/\/api.w.org\/{rel}","templated":true}]}}