{"id":3257,"date":"2020-11-27T11:18:22","date_gmt":"2020-11-27T10:18:22","guid":{"rendered":"https:\/\/packnatur.at\/?page_id=3257"},"modified":"2024-09-23T13:57:23","modified_gmt":"2024-09-23T11:57:23","slug":"innovation","status":"publish","type":"page","link":"https:\/\/packnatur.at\/fr\/innovation\/","title":{"rendered":"Innovation"},"content":{"rendered":"<div id=\"block_title_with_image-block_5f61f4531a1ca\" class=\"block_title_with_image\">\n                        \n<div class=\"block-title-with-image__background-container\">\n    <div class=\"block-title-with-image__background\" style=\"background-color: #d2dedf;\"><\/div>\n    <div class=\"container\">\n        <div class=\"row\">\n            <div class=\"block-title-with-image-content\">\n                                    <div class=\"block-title-with-image__subtitle\">PAR NATURE<\/div>\n                                                    <h1 class=\"block-title-with-image__title\">Innovant <\/h1>\n                                                <div class=\"block-title-with-image__image-container\">\n                        <div class=\"img\" style='background-image: url(\"https:\/\/packnatur.at\/wp-content\/uploads\/2020\/10\/M3A5161.jpg\"); background-repeat: no-repeat; background-position: center; background-size: cover; '><\/div>\n                <\/div>\n            <\/div>\n        <\/div>\n    <\/div>\n<\/div>\n            \n<div class=\"container\">\n    <div class=\"row\">\n        <div class=\"block-title-with-image-content\">\n\n            \n                            <div class=\"block-title-with-image__intro\">Nous sommes d\u2019un naturel curieux et nous sommes passionn\u00e9s par la recherche. Repenser les choses est dans notre ADN, car ce n&#8217;est que de cette mani\u00e8re que nous sommes en mesure d\u2019apporter des changements. <br \/>\r\nNous nous interrogeons sur les conditions actuelles et examinons comment elles peuvent \u00eatre am\u00e9lior\u00e9es.<\/div>\n            \n            \n        <\/div>\n    <\/div>\n<\/div><\/div>\n\n<div id=\"block_images_in_one_line-block_5f61f76a01c9c\" class=\"block_images_in_one_line\">\n            <div class=\"block_images_in_one_line__inner-container\">\n                            <div class=\"block_images_in_one_line__image-container\">\n                    <img decoding=\"async\" src=\"https:\/\/packnatur.at\/wp-content\/uploads\/2020\/10\/M3A5115.jpg\"\/>\n                <\/div>\n                            <div class=\"block_images_in_one_line__image-container\">\n                    <img decoding=\"async\" src=\"https:\/\/packnatur.at\/wp-content\/uploads\/2020\/10\/P4A1247.jpg\"\/>\n                <\/div>\n                            <div class=\"block_images_in_one_line__image-container\">\n                    <img decoding=\"async\" src=\"https:\/\/packnatur.at\/wp-content\/uploads\/2020\/10\/R5A9651.jpg\"\/>\n                <\/div>\n                    <\/div>\n    <\/div>\n\n\n<div class=\"wp-block-columns is-layout-flex wp-container-core-columns-is-layout-9d6595d7 wp-block-columns-is-layout-flex\">\n<div class=\"wp-block-column is-layout-flow wp-block-column-is-layout-flow\">\n<p>Depuis 25 ans, nous recherchons et utilisons des mati\u00e8res premi\u00e8res biog\u00e8nes, en cherchant toujours la meilleure solution pour l&#8217;homme et l&#8217;environnement. Nos ann\u00e9es d&#8217;exp\u00e9rience font de nous non seulement des leaders du secteur, mais aussi LE centre de comp\u00e9tence pour les emballages en fibres textiles. Les meilleurs filets d&#8217;emballage en fibres teintes en masse viennent de chez nous. Avec nous, un r\u00e9seau de chercheurs, d&#8217;ing\u00e9nieurs textiles et m\u00e9caniques, de designers et de partenaires d&#8217;innovation travaillent pour vous. Pour cette raison, des innovations en mati\u00e8re d&#8217;emballage en fibres de cellulose sont constamment d\u00e9velopp\u00e9es, r\u00e9alis\u00e9es et commercialis\u00e9es en \u00e9troite collaboration avec nos clients.<\/p>\n<\/div>\n\n\n\n<div class=\"wp-block-column is-layout-flow wp-block-column-is-layout-flow\">\n<p>Les cha\u00eenes de supermarch\u00e9s et les grand magasins \u00e0 l\u2019international, ainsi que les agriculteurs locaux et les commer\u00e7ants directs locaux appr\u00e9cient nos solutions pratiques et faciles \u00e0 utiliser. En effet, notre filet tubulaire fonctionne parfaitement sur les machines existantes, sans investissements ni probl\u00e8mes de conversion majeurs.<\/p>\n<\/div>\n<\/div>\n\n\n\n<div class=\"wp-block-group images_full_width\"><div class=\"wp-block-group__inner-container is-layout-flow wp-block-group-is-layout-flow\">\n<div class=\"wp-block-columns is-layout-flex wp-container-core-columns-is-layout-9d6595d7 wp-block-columns-is-layout-flex\">\n<div class=\"wp-block-column is-layout-flow wp-block-column-is-layout-flow\">\n<div class=\"wp-block-group\"><div class=\"wp-block-group__inner-container is-layout-flow wp-block-group-is-layout-flow\">\n<div class=\"wp-block-image\"><figure class=\"aligncenter size-large is-resized\"><img loading=\"lazy\" decoding=\"async\" src=\"https:\/\/packnatur.at\/wp-content\/uploads\/\/2020\/10\/Icon1_Color.svg\" alt=\"\" class=\"wp-image-2082\" width=\"295\" height=\"210\"\/><\/figure><\/div>\n<\/div><\/div>\n<\/div>\n\n\n\n<div class=\"wp-block-column is-layout-flow wp-block-column-is-layout-flow\">\n<div class=\"wp-block-group\"><div class=\"wp-block-group__inner-container is-layout-flow wp-block-group-is-layout-flow\">\n<p class=\"font_subtitle_facts\">CURIEUX<\/p>\n\n\n\n<p>Pourquoi perdre son temps \u00e0 chercher des nouveaux produits sur le march\u00e9&nbsp;? Nous n&#8217;aimons pas attendre. Nous pr\u00e9f\u00e9rons d\u00e9velopper nos propres produits et trouver de nouvelles solutions biog\u00e8nes.<\/p>\n<\/div><\/div>\n<\/div>\n<\/div>\n\n\n\n<div class=\"wp-block-columns is-layout-flex wp-container-core-columns-is-layout-9d6595d7 wp-block-columns-is-layout-flex\">\n<div class=\"wp-block-column is-vertically-aligned-center is-layout-flow wp-block-column-is-layout-flow\">\n<div class=\"wp-block-group\"><div class=\"wp-block-group__inner-container is-layout-flow wp-block-group-is-layout-flow\">\n<figure class=\"wp-block-image size-large is-resized\"><img loading=\"lazy\" decoding=\"async\" src=\"https:\/\/packnatur.at\/wp-content\/uploads\/\/2020\/10\/Icon2_Color.svg\" alt=\"\" class=\"wp-image-2086\" width=\"305\" height=\"219\"\/><\/figure>\n<\/div><\/div>\n<\/div>\n\n\n\n<div class=\"wp-block-column is-layout-flow wp-block-column-is-layout-flow\">\n<div class=\"wp-block-group\"><div class=\"wp-block-group__inner-container is-layout-flow wp-block-group-is-layout-flow\">\n<p class=\"font_subtitle_facts\">UN R\u00c9SEAU EMBALLANT<\/p>\n\n\n\n<p>En tant que centre de comp\u00e9tence pour les emballages en fibres textiles, nous entretenons un \u00e9change permanent avec des experts de diff\u00e9rents secteurs. Le r\u00e9sultat&nbsp;? Des innovations en mati\u00e8re d&#8217;emballage et des clients satisfaits.<\/p>\n<\/div><\/div>\n<\/div>\n<\/div>\n\n\n\n<div class=\"wp-block-columns is-layout-flex wp-container-core-columns-is-layout-9d6595d7 wp-block-columns-is-layout-flex\">\n<div class=\"wp-block-column is-layout-flow wp-block-column-is-layout-flow\">\n<div class=\"wp-block-group\"><div class=\"wp-block-group__inner-container is-layout-flow wp-block-group-is-layout-flow\">\n<figure class=\"wp-block-image size-large is-resized\"><img loading=\"lazy\" decoding=\"async\" src=\"https:\/\/packnatur.at\/wp-content\/uploads\/\/2020\/10\/Icon3_Color.svg\" alt=\"\" class=\"wp-image-2090\" width=\"302\" height=\"217\"\/><\/figure>\n<\/div><\/div>\n<\/div>\n\n\n\n<div class=\"wp-block-column is-layout-flow wp-block-column-is-layout-flow\">\n<div class=\"wp-block-group\"><div class=\"wp-block-group__inner-container is-layout-flow wp-block-group-is-layout-flow\">\n<p class=\"font_subtitle_facts\">ORIENT\u00c9S SUR LE R\u00c9SULTAT<\/p>\n\n\n\n<p>Nous n&#8217;avons pas seulement l&#8217;emballage en t\u00eate. Nous d\u00e9veloppons des solutions pratiques et r\u00e9fl\u00e9chissons avec vous lorsqu&#8217;il s&#8217;agit de pr\u00e9senter votre marque et votre produit de mani\u00e8re efficace pour la vente.<\/p>\n<\/div><\/div>\n<\/div>\n<\/div>\n\n\n\n<div class=\"wp-block-columns is-layout-flex wp-container-core-columns-is-layout-9d6595d7 wp-block-columns-is-layout-flex\">\n<div class=\"wp-block-column is-layout-flow wp-block-column-is-layout-flow\">\n<div class=\"wp-block-group\"><div class=\"wp-block-group__inner-container is-layout-flow wp-block-group-is-layout-flow\">\n<figure class=\"wp-block-image size-large is-resized\"><img loading=\"lazy\" decoding=\"async\" src=\"https:\/\/packnatur.at\/wp-content\/uploads\/\/2020\/10\/Icon4_Color.svg\" alt=\"\" class=\"wp-image-2094\" width=\"303\" height=\"218\"\/><\/figure>\n<\/div><\/div>\n<\/div>\n\n\n\n<div class=\"wp-block-column is-layout-flow wp-block-column-is-layout-flow\">\n<div class=\"wp-block-group\"><div class=\"wp-block-group__inner-container is-layout-flow wp-block-group-is-layout-flow\">\n<p class=\"font_subtitle_facts\">PERSONNALIS\u00c9<\/p>\n\n\n\n<p>Vous avez une id\u00e9e pr\u00e9cise ? Nous avons une \u00e9quipe de d\u00e9veloppement qui veillera \u00e0 ce que votre solution d&#8217;emballage permette une promotion efficace de votre entreprise.<\/p>\n<\/div><\/div>\n<\/div>\n<\/div>\n<\/div><\/div>\n\n\n<div id=\"block-facts-subtitle-block_5f61fadfc7a08\" class=\"block-facts-subtitle\">\n    <div class=\"block-facts-subtitle__subtitle \"><\/div>\n            <div class=\"block-facts-subtitle__titles\">\n            \n                <div class=\"block-facts-subtitle__titles_title\">\n                    Comment un filet tubulaire <br \/>\r\na conquis le monde entier                <\/div>\n                    <\/div>\n        <\/div>\n\n\n<p class=\"font_subtitle_facts has-medium-font-size\">Une patate bio <br>dans un emballage <br>en plastique&nbsp;?<\/p>\n\n\n\n<p class=\"has-large-font-size\">Nous avons pens\u00e9 qu\u2019il s\u2019agissait d\u2019une union improbable. C&#8217;est pourquoi nous avons cherch\u00e9 des partenaires avec lesquels nous pourrions faire progresser la recherche et le d\u00e9veloppement pour mettre au point et produire le premier filet tubulaire en fibre de cellulose.<\/p>\n\n\n\n<p class=\"font_subtitle_facts has-medium-font-size\">Plus <br>n\u00e9cessaire !<\/p>\n\n\n\n<div class=\"wp-block-columns is-layout-flex wp-container-core-columns-is-layout-9d6595d7 wp-block-columns-is-layout-flex\">\n<div class=\"wp-block-column is-layout-flow wp-block-column-is-layout-flow\">\n<p>La production d&#8217;emballages a \u00e9t\u00e9 domin\u00e9e par le plastique depuis trop longtemps. Un mat\u00e9riau qui ne permet pas de conserver correctement la fraicheur des aliments, et polluant en plus. Nous voulions abandonner le plastique au profit d\u2019emballages compostables et recyclables faits de mat\u00e9riaux biod\u00e9gradables, pour pr\u00e9server les ressources fossiles. C&#8217;est pourquoi nous avons d\u00e9velopp\u00e9 les filets tubulaires \u00e0 partir de la fibre de cellulose Modal LENZING\u2122. La mati\u00e8re premi\u00e8re du filet tubulaire en cellulose PACKNATUR<sup>\u00ae<\/sup> provient des for\u00eats de h\u00eatres locales. Le bois de h\u00eatre, qui est obtenu lors de l&#8217;\u00e9claircissage, est transform\u00e9 par la soci\u00e9t\u00e9 autrichienne Lenzing AG selon les normes environnementales les plus strictes en fibres dites \u00ab&nbsp;modales&nbsp;\u00bb. Ces fibres constituent \u00e0 leur tour la base de nos filets tubulaires en cellulose PACKNATUR<sup>\u00ae<\/sup>.<\/p>\n<\/div>\n\n\n\n<div class=\"wp-block-column is-layout-flow wp-block-column-is-layout-flow\">\n<p>Ces fibres sont \u00e0 pr\u00e9sent utilis\u00e9es avec succ\u00e8s depuis des ann\u00e9es par de nombreuses grandes cha\u00eenes internationales de supermarch\u00e9s, et non seulement pour les pommes de terre biologiques. Mais notre parcours ne s&#8217;arr\u00eate pas l\u00e0. Notre centre de comp\u00e9tence pour les emballages textiles travaille en permanence sur de nouvelles variantes et utilisations du filet de cellulose. <\/p>\n\n\n\n<p>Pour plus d&#8217;informations sur notre innovation r\u00e9volutionnaire, les gaines en filet de cellulose PACKNATUR<sup>\u00ae<\/sup>, <a href=\"https:\/\/packnatur.at\/fr\/produits\/filets-tubulaires-en-cellulose\/\" data-type=\"page\" data-id=\"3228\">cliquez ici<\/a>.<\/p>\n<\/div>\n<\/div>\n\n\n<section id=\"block_5f9fd13179a09\" class=\"block-gallery\">\n\n    <div class=\"block-gallery__container\">\n        <div class=\"block-gallery__container-inner\">\n            <div id=\"gallery-nr-45\" class=\"block-gallery__gallery\" data-autoplay=\"\">\n                            <\/div>\n        <\/div>\n    <\/div>\n<\/section>\n\n\n<div id=\"journal_block_with_background_color-block_66a76deb028e1\" class=\"journal_block_with_background_color\">\n    <div class=\"journal-block-with-background-color__background-container\">\n                    <div class=\"journal-block-with-background-color__no-background\" style=\"\"><\/div>\n                <div class=\"container\">\n            <div class=\"row\">\n                <div class=\"journal-block-with-background-color__content\">\n                                            <div class=\"journal-block-with-background-color__subtitle\">Autres projets Packnatur\u00ae<\/div>\n                                                            <div class=\"journal-block-with-background-color__button-container\">\n                        <a class=\"button\" href=\"https:\/\/packnatur.at\/fr\/journal\/\">Journal<\/a>\n                    <\/div>\n\n                    <div class=\"journal-block__posts-container\">\n                        <div class=\"journal-block__post-container\">\n                                                        \n<div class=\"journal-block__image\">\n    <a href=\"https:\/\/packnatur.at\/fr\/le-sac-filet-de-recolte-ocean\/\">\n        <div class=\"img\" style='background-image: url(\"https:\/\/packnatur.at\/wp-content\/uploads\/2022\/05\/Eric-with-bags.jpg\"); background-repeat: no-repeat; background-position: center; background-size: cover; '><\/div>\n    <\/a>\n<\/div>\n<div class=\"journal-block__title\">\n    Le Sac-Filet de R\u00e9colte Oc\u00e9an\u2122 fourni par Packnatur<sup>\u00ae<\/sup> <\/div>\n<div class=\"journal-block__excerpt\">\n    <p>Implant\u00e9 \u00e0 Brunswick, aux \u00c9tats-Unis, Ocean Farm Supply est le distributeur exclusif de l\u2019Ocean Harvest Bag<sup>\u00ae<\/sup>. Il s\u2019agit d\u2019un sac sp\u00e9cialement con\u00e7u pour la r\u00e9colte et la distribution de coquillages \u00e0 m\u00eame d\u2019\u00e9liminer le besoin d\u2019emballages \u00e0 mailles en plastique \u00e0 usage unique. Le concept des Ocean Harvest Bags\u2122 a \u00e9t\u00e9 cr\u00e9\u00e9 et r\u00e9alis\u00e9 en coop\u00e9ration avec VPZ Packnatur<sup>\u00ae<\/sup>. C\u2019est un filet particuli\u00e8rement r\u00e9sistant aux d\u00e9chirures, sp\u00e9cifiquement d\u00e9velopp\u00e9 pour les coquillages durs et \u00e0 ar\u00eates coupantes.<\/p>\n<\/div>\n<div class=\"journal-block__link\">\n    <a href=\"https:\/\/packnatur.at\/fr\/le-sac-filet-de-recolte-ocean\/\" class=\"button-outline\">Lire l&#8217;article<\/a>\n<\/div>\n                        <\/div>\n                        <div class=\"journal-block__post-container\">\n                                                        \n<div class=\"journal-block__image\">\n    <a href=\"https:\/\/packnatur.at\/fr\/extension-du-repertoire-de-packnatur-neudau\/\">\n        <div class=\"img\" style='background-image: url(\"https:\/\/packnatur.at\/wp-content\/uploads\/2024\/06\/O8A8558-Web-4000px_klein.png\"); background-repeat: no-repeat; background-position: center; background-size: cover; '><\/div>\n    <\/a>\n<\/div>\n<div class=\"journal-block__title\">\n    Packnatur<sup>\u00ae<\/sup> Neudau \u00e9largit sa gamme <\/div>\n<div class=\"journal-block__excerpt\">\n    <p>Notre parc machines de l&#8217;usine Packnatur<sup>\u00ae<\/sup> de Neudau s&#8217;agrandit en s\u2019enrichissant de nos derniers \u00e9quipements d\u00e9di\u00e9s aux tests. Nous y d\u00e9veloppons des produits diversifi\u00e9s qui permettront \u00e0 un plus grand nombre de clients issus d&#8217;un \u00e9ventail ample de secteurs d&#8217;activit\u00e9 d\u2019emballer leurs produits de mani\u00e8re \u00e9cologique \u00e0 l\u2019int\u00e9rieur de filets tubulaires en cellulose.<\/p>\n<\/div>\n<div class=\"journal-block__link\">\n    <a href=\"https:\/\/packnatur.at\/fr\/extension-du-repertoire-de-packnatur-neudau\/\" class=\"button-outline\">Lire l&#8217;article<\/a>\n<\/div>\n                        <\/div>\n                    <\/div>\n                <\/div>\n            <\/div>\n        <\/div>\n    <\/div>\n<\/div>\n\n\n\n<p><\/p>\n\n\n\n<h2 class=\"has-text-align-center wp-block-heading\" id=\"ecologie-economie-esthetique\">\u00c9cologie.<br>\u00c9conomie.<br>Esth\u00e9tique.<br><span class=\"packnatur-leaf\"><\/span><\/h2>\n\n\n\n<p class=\"has-text-align-center font_subtitle_facts\">CE N\u2019EST PAS COMPLIQU\u00c9&nbsp;!<\/p>\n","protected":false},"excerpt":{"rendered":"<p>Depuis 25 ans, nous recherchons et utilisons des mati\u00e8res premi\u00e8res biog\u00e8nes, en cherchant toujours la meilleure solution pour l&#8217;homme et l&#8217;environnement. Nos ann\u00e9es d&#8217;exp\u00e9rience font de nous non seulement des leaders du secteur, mais aussi LE centre de comp\u00e9tence pour les emballages en fibres textiles. Les meilleurs filets d&#8217;emballage en fibres teintes en masse viennent [&hellip;]<\/p>\n","protected":false},"author":8,"featured_media":0,"parent":0,"menu_order":0,"comment_status":"closed","ping_status":"closed","template":"","meta":{"_acf_changed":false,"inline_featured_image":false,"footnotes":""},"class_list":["post-3257","page","type-page","status-publish","hentry"],"acf":[],"yoast_head":"<!-- This site is optimized with the Yoast SEO plugin v27.4 - https:\/\/yoast.com\/product\/yoast-seo-wordpress\/ -->\n<title>Innovation - Packnatur<\/title>\n<meta name=\"robots\" content=\"index, follow, max-snippet:-1, max-image-preview:large, max-video-preview:-1\" \/>\n<link rel=\"canonical\" href=\"https:\/\/packnatur.at\/fr\/innovation\/\" \/>\n<meta property=\"og:locale\" content=\"fr_FR\" \/>\n<meta property=\"og:type\" content=\"article\" \/>\n<meta property=\"og:title\" content=\"Innovation - Packnatur\" \/>\n<meta property=\"og:description\" content=\"Depuis 25 ans, nous recherchons et utilisons des mati\u00e8res premi\u00e8res biog\u00e8nes, en cherchant toujours la meilleure solution pour l&#8217;homme et l&#8217;environnement. Nos ann\u00e9es d&#8217;exp\u00e9rience font de nous non seulement des leaders du secteur, mais aussi LE centre de comp\u00e9tence pour les emballages en fibres textiles. Les meilleurs filets d&#8217;emballage en fibres teintes en masse viennent [&hellip;]\" \/>\n<meta property=\"og:url\" content=\"https:\/\/packnatur.at\/fr\/innovation\/\" \/>\n<meta property=\"og:site_name\" content=\"Packnatur\" \/>\n<meta property=\"article:modified_time\" content=\"2024-09-23T11:57:23+00:00\" \/>\n<meta property=\"og:image\" content=\"https:\/\/packnatur.at\/wp-content\/uploads\/\/2020\/10\/Icon1_Color.svg\" \/>\n<meta name=\"twitter:card\" content=\"summary_large_image\" \/>\n<meta name=\"twitter:label1\" content=\"Est. reading time\" \/>\n\t<meta name=\"twitter:data1\" content=\"4 minutes\" \/>\n<script type=\"application\/ld+json\" class=\"yoast-schema-graph\">{\"@context\":\"https:\\\/\\\/schema.org\",\"@graph\":[{\"@type\":\"WebPage\",\"@id\":\"https:\\\/\\\/packnatur.at\\\/fr\\\/innovation\\\/\",\"url\":\"https:\\\/\\\/packnatur.at\\\/fr\\\/innovation\\\/\",\"name\":\"Innovation - Packnatur\",\"isPartOf\":{\"@id\":\"https:\\\/\\\/packnatur.at\\\/fr\\\/#website\"},\"primaryImageOfPage\":{\"@id\":\"https:\\\/\\\/packnatur.at\\\/fr\\\/innovation\\\/#primaryimage\"},\"image\":{\"@id\":\"https:\\\/\\\/packnatur.at\\\/fr\\\/innovation\\\/#primaryimage\"},\"thumbnailUrl\":\"https:\\\/\\\/packnatur.at\\\/wp-content\\\/uploads\\\/\\\/2020\\\/10\\\/Icon1_Color.svg\",\"datePublished\":\"2020-11-27T10:18:22+00:00\",\"dateModified\":\"2024-09-23T11:57:23+00:00\",\"breadcrumb\":{\"@id\":\"https:\\\/\\\/packnatur.at\\\/fr\\\/innovation\\\/#breadcrumb\"},\"inLanguage\":\"fr-FR\",\"potentialAction\":[{\"@type\":\"ReadAction\",\"target\":[\"https:\\\/\\\/packnatur.at\\\/fr\\\/innovation\\\/\"]}]},{\"@type\":\"ImageObject\",\"inLanguage\":\"fr-FR\",\"@id\":\"https:\\\/\\\/packnatur.at\\\/fr\\\/innovation\\\/#primaryimage\",\"url\":\"https:\\\/\\\/packnatur.at\\\/wp-content\\\/uploads\\\/\\\/2020\\\/10\\\/Icon1_Color.svg\",\"contentUrl\":\"https:\\\/\\\/packnatur.at\\\/wp-content\\\/uploads\\\/\\\/2020\\\/10\\\/Icon1_Color.svg\"},{\"@type\":\"BreadcrumbList\",\"@id\":\"https:\\\/\\\/packnatur.at\\\/fr\\\/innovation\\\/#breadcrumb\",\"itemListElement\":[{\"@type\":\"ListItem\",\"position\":1,\"name\":\"Home\",\"item\":\"https:\\\/\\\/packnatur.at\\\/fr\\\/\"},{\"@type\":\"ListItem\",\"position\":2,\"name\":\"Innovation\"}]},{\"@type\":\"WebSite\",\"@id\":\"https:\\\/\\\/packnatur.at\\\/fr\\\/#website\",\"url\":\"https:\\\/\\\/packnatur.at\\\/fr\\\/\",\"name\":\"Packnatur\",\"description\":\"von Natur aus\",\"publisher\":{\"@id\":\"https:\\\/\\\/packnatur.at\\\/fr\\\/#organization\"},\"potentialAction\":[{\"@type\":\"SearchAction\",\"target\":{\"@type\":\"EntryPoint\",\"urlTemplate\":\"https:\\\/\\\/packnatur.at\\\/fr\\\/?s={search_term_string}\"},\"query-input\":{\"@type\":\"PropertyValueSpecification\",\"valueRequired\":true,\"valueName\":\"search_term_string\"}}],\"inLanguage\":\"fr-FR\"},{\"@type\":\"Organization\",\"@id\":\"https:\\\/\\\/packnatur.at\\\/fr\\\/#organization\",\"name\":\"Packnatur\",\"url\":\"https:\\\/\\\/packnatur.at\\\/fr\\\/\",\"logo\":{\"@type\":\"ImageObject\",\"inLanguage\":\"fr-FR\",\"@id\":\"https:\\\/\\\/packnatur.at\\\/fr\\\/#\\\/schema\\\/logo\\\/image\\\/\",\"url\":\"https:\\\/\\\/packnatur.at\\\/wp-content\\\/uploads\\\/2020\\\/07\\\/cropped-logo.png\",\"contentUrl\":\"https:\\\/\\\/packnatur.at\\\/wp-content\\\/uploads\\\/2020\\\/07\\\/cropped-logo.png\",\"width\":994,\"height\":295,\"caption\":\"Packnatur\"},\"image\":{\"@id\":\"https:\\\/\\\/packnatur.at\\\/fr\\\/#\\\/schema\\\/logo\\\/image\\\/\"}}]}<\/script>\n<!-- \/ Yoast SEO plugin. -->","yoast_head_json":{"title":"Innovation - Packnatur","robots":{"index":"index","follow":"follow","max-snippet":"max-snippet:-1","max-image-preview":"max-image-preview:large","max-video-preview":"max-video-preview:-1"},"canonical":"https:\/\/packnatur.at\/fr\/innovation\/","og_locale":"fr_FR","og_type":"article","og_title":"Innovation - Packnatur","og_description":"Depuis 25 ans, nous recherchons et utilisons des mati\u00e8res premi\u00e8res biog\u00e8nes, en cherchant toujours la meilleure solution pour l&#8217;homme et l&#8217;environnement. Nos ann\u00e9es d&#8217;exp\u00e9rience font de nous non seulement des leaders du secteur, mais aussi LE centre de comp\u00e9tence pour les emballages en fibres textiles. Les meilleurs filets d&#8217;emballage en fibres teintes en masse viennent [&hellip;]","og_url":"https:\/\/packnatur.at\/fr\/innovation\/","og_site_name":"Packnatur","article_modified_time":"2024-09-23T11:57:23+00:00","og_image":[{"url":"https:\/\/packnatur.at\/wp-content\/uploads\/\/2020\/10\/Icon1_Color.svg","type":"","width":"","height":""}],"twitter_card":"summary_large_image","twitter_misc":{"Est. reading time":"4 minutes"},"schema":{"@context":"https:\/\/schema.org","@graph":[{"@type":"WebPage","@id":"https:\/\/packnatur.at\/fr\/innovation\/","url":"https:\/\/packnatur.at\/fr\/innovation\/","name":"Innovation - Packnatur","isPartOf":{"@id":"https:\/\/packnatur.at\/fr\/#website"},"primaryImageOfPage":{"@id":"https:\/\/packnatur.at\/fr\/innovation\/#primaryimage"},"image":{"@id":"https:\/\/packnatur.at\/fr\/innovation\/#primaryimage"},"thumbnailUrl":"https:\/\/packnatur.at\/wp-content\/uploads\/\/2020\/10\/Icon1_Color.svg","datePublished":"2020-11-27T10:18:22+00:00","dateModified":"2024-09-23T11:57:23+00:00","breadcrumb":{"@id":"https:\/\/packnatur.at\/fr\/innovation\/#breadcrumb"},"inLanguage":"fr-FR","potentialAction":[{"@type":"ReadAction","target":["https:\/\/packnatur.at\/fr\/innovation\/"]}]},{"@type":"ImageObject","inLanguage":"fr-FR","@id":"https:\/\/packnatur.at\/fr\/innovation\/#primaryimage","url":"https:\/\/packnatur.at\/wp-content\/uploads\/\/2020\/10\/Icon1_Color.svg","contentUrl":"https:\/\/packnatur.at\/wp-content\/uploads\/\/2020\/10\/Icon1_Color.svg"},{"@type":"BreadcrumbList","@id":"https:\/\/packnatur.at\/fr\/innovation\/#breadcrumb","itemListElement":[{"@type":"ListItem","position":1,"name":"Home","item":"https:\/\/packnatur.at\/fr\/"},{"@type":"ListItem","position":2,"name":"Innovation"}]},{"@type":"WebSite","@id":"https:\/\/packnatur.at\/fr\/#website","url":"https:\/\/packnatur.at\/fr\/","name":"Packnatur","description":"von Natur aus","publisher":{"@id":"https:\/\/packnatur.at\/fr\/#organization"},"potentialAction":[{"@type":"SearchAction","target":{"@type":"EntryPoint","urlTemplate":"https:\/\/packnatur.at\/fr\/?s={search_term_string}"},"query-input":{"@type":"PropertyValueSpecification","valueRequired":true,"valueName":"search_term_string"}}],"inLanguage":"fr-FR"},{"@type":"Organization","@id":"https:\/\/packnatur.at\/fr\/#organization","name":"Packnatur","url":"https:\/\/packnatur.at\/fr\/","logo":{"@type":"ImageObject","inLanguage":"fr-FR","@id":"https:\/\/packnatur.at\/fr\/#\/schema\/logo\/image\/","url":"https:\/\/packnatur.at\/wp-content\/uploads\/2020\/07\/cropped-logo.png","contentUrl":"https:\/\/packnatur.at\/wp-content\/uploads\/2020\/07\/cropped-logo.png","width":994,"height":295,"caption":"Packnatur"},"image":{"@id":"https:\/\/packnatur.at\/fr\/#\/schema\/logo\/image\/"}}]}},"_links":{"self":[{"href":"https:\/\/packnatur.at\/fr\/wp-json\/wp\/v2\/pages\/3257","targetHints":{"allow":["GET"]}}],"collection":[{"href":"https:\/\/packnatur.at\/fr\/wp-json\/wp\/v2\/pages"}],"about":[{"href":"https:\/\/packnatur.at\/fr\/wp-json\/wp\/v2\/types\/page"}],"author":[{"embeddable":true,"href":"https:\/\/packnatur.at\/fr\/wp-json\/wp\/v2\/users\/8"}],"replies":[{"embeddable":true,"href":"https:\/\/packnatur.at\/fr\/wp-json\/wp\/v2\/comments?post=3257"}],"version-history":[{"count":22,"href":"https:\/\/packnatur.at\/fr\/wp-json\/wp\/v2\/pages\/3257\/revisions"}],"predecessor-version":[{"id":9970,"href":"https:\/\/packnatur.at\/fr\/wp-json\/wp\/v2\/pages\/3257\/revisions\/9970"}],"wp:attachment":[{"href":"https:\/\/packnatur.at\/fr\/wp-json\/wp\/v2\/media?parent=3257"}],"curies":[{"name":"wp","href":"https:\/\/api.w.org\/{rel}","templated":true}]}}