{"id":4949,"date":"2021-01-28T20:53:30","date_gmt":"2021-01-28T19:53:30","guid":{"rendered":"https:\/\/packnatur.at\/?page_id=4949"},"modified":"2025-07-04T10:10:09","modified_gmt":"2025-07-04T08:10:09","slug":"contact","status":"publish","type":"page","link":"https:\/\/packnatur.at\/fr\/contact\/","title":{"rendered":"Contact"},"content":{"rendered":"\n<h2 class=\"wp-block-heading\" id=\"packnatur-gmbh\">Packnatur GmbH<\/h2>\n\n\n\n<section id=\"block_6005c429aa3a3\" class=\"block_team_members team\">\n\n    <h2>Personnes de contact<\/h2>\n\n    <div class=\"container\">\n        <div class=\"row team__wrapper\">\n                                <article class=\"member\">\n\n                        <header class=\"member-image\">\n                            <img loading=\"lazy\" decoding=\"async\" width=\"640\" height=\"461\" src=\"https:\/\/packnatur.at\/wp-content\/uploads\/2024\/11\/manfred_kern-1.jpg\" class=\"attachment-large size-large\" alt=\"\" srcset=\"https:\/\/packnatur.at\/wp-content\/uploads\/2024\/11\/manfred_kern-1.jpg 1024w, https:\/\/packnatur.at\/wp-content\/uploads\/2024\/11\/manfred_kern-1-600x432.jpg 600w, https:\/\/packnatur.at\/wp-content\/uploads\/2024\/11\/manfred_kern-1-768x553.jpg 768w\" sizes=\"auto, (max-width: 640px) 100vw, 640px\" \/>                        <\/header>\n\n                        <p class=\"member-info\">\n                            Manfred Kern<br>\n                            Directeur g\u00e9n\u00e9ral <br>\n                            Tel.:\n                            <a href=\"tel:+43 664 6577492\">\n                                +43 664 6577492                            <\/a><br>\n                            E-Mail:\n                            <a href=\"mailto:m.kern@packnatur.at\">\n                                m.kern@packnatur.at                            <\/a>\n                        <\/p>\n                    <\/article><!-- member -->\n                                        <article class=\"member\">\n\n                        <header class=\"member-image\">\n                            <img loading=\"lazy\" decoding=\"async\" width=\"640\" height=\"461\" src=\"https:\/\/packnatur.at\/wp-content\/uploads\/2024\/11\/markus_kainer_bw_large.jpg\" class=\"attachment-large size-large\" alt=\"\" srcset=\"https:\/\/packnatur.at\/wp-content\/uploads\/2024\/11\/markus_kainer_bw_large.jpg 1024w, https:\/\/packnatur.at\/wp-content\/uploads\/2024\/11\/markus_kainer_bw_large-600x432.jpg 600w, https:\/\/packnatur.at\/wp-content\/uploads\/2024\/11\/markus_kainer_bw_large-768x553.jpg 768w\" sizes=\"auto, (max-width: 640px) 100vw, 640px\" \/>                        <\/header>\n\n                        <p class=\"member-info\">\n                            Markus Kainer<br>\n                            Directeur des ventes<br>\n                            Tel.:\n                            <a href=\"tel:+ 43 664 1526687\">\n                                + 43 664 1526687                            <\/a><br>\n                            E-Mail:\n                            <a href=\"mailto:m.kainer@packnatur.at\">\n                                m.kainer@packnatur.at                            <\/a>\n                        <\/p>\n                    <\/article><!-- member -->\n                                        <article class=\"member\">\n\n                        <header class=\"member-image\">\n                            <img loading=\"lazy\" decoding=\"async\" width=\"640\" height=\"461\" src=\"https:\/\/packnatur.at\/wp-content\/uploads\/2024\/11\/lisa_heiling_bw_large.jpg\" class=\"attachment-large size-large\" alt=\"\" srcset=\"https:\/\/packnatur.at\/wp-content\/uploads\/2024\/11\/lisa_heiling_bw_large.jpg 1024w, https:\/\/packnatur.at\/wp-content\/uploads\/2024\/11\/lisa_heiling_bw_large-600x432.jpg 600w, https:\/\/packnatur.at\/wp-content\/uploads\/2024\/11\/lisa_heiling_bw_large-768x553.jpg 768w\" sizes=\"auto, (max-width: 640px) 100vw, 640px\" \/>                        <\/header>\n\n                        <p class=\"member-info\">\n                            Lisa Kern<br>\n                            Assistant de Gestion<br>\n                            Tel.:\n                            <a href=\"tel:+43 3383 30301-30\">\n                                +43 3383 30301-30                            <\/a><br>\n                            E-Mail:\n                            <a href=\"mailto:l.kern@packnatur.at\">\n                                l.kern@packnatur.at                            <\/a>\n                        <\/p>\n                    <\/article><!-- member -->\n                                        <article class=\"member\">\n\n                        <header class=\"member-image\">\n                            <img loading=\"lazy\" decoding=\"async\" width=\"640\" height=\"461\" src=\"https:\/\/packnatur.at\/wp-content\/uploads\/2024\/11\/rene_pagitz_bw-large.jpg\" class=\"attachment-large size-large\" alt=\"\" srcset=\"https:\/\/packnatur.at\/wp-content\/uploads\/2024\/11\/rene_pagitz_bw-large.jpg 1024w, https:\/\/packnatur.at\/wp-content\/uploads\/2024\/11\/rene_pagitz_bw-large-300x216.jpg 300w, https:\/\/packnatur.at\/wp-content\/uploads\/2024\/11\/rene_pagitz_bw-large-768x553.jpg 768w\" sizes=\"auto, (max-width: 640px) 100vw, 640px\" \/>                        <\/header>\n\n                        <p class=\"member-info\">\n                            Ren\u00e9 Pagitz<br>\n                            Vente<br>\n                            Tel.:\n                            <a href=\"tel:+43 699 10906009\">\n                                +43 699 10906009                            <\/a><br>\n                            E-Mail:\n                            <a href=\"mailto:r.pagitz@packnatur.at\">\n                                r.pagitz@packnatur.at                            <\/a>\n                        <\/p>\n                    <\/article><!-- member -->\n                                        <article class=\"member\">\n\n                        <header class=\"member-image\">\n                            <img loading=\"lazy\" decoding=\"async\" width=\"640\" height=\"461\" src=\"https:\/\/packnatur.at\/wp-content\/uploads\/2024\/11\/emanuel_stipsits_bw_large.jpg\" class=\"attachment-large size-large\" alt=\"\" srcset=\"https:\/\/packnatur.at\/wp-content\/uploads\/2024\/11\/emanuel_stipsits_bw_large.jpg 1024w, https:\/\/packnatur.at\/wp-content\/uploads\/2024\/11\/emanuel_stipsits_bw_large-600x432.jpg 600w, https:\/\/packnatur.at\/wp-content\/uploads\/2024\/11\/emanuel_stipsits_bw_large-768x553.jpg 768w\" sizes=\"auto, (max-width: 640px) 100vw, 640px\" \/>                        <\/header>\n\n                        <p class=\"member-info\">\n                            Emanuel Stipsits<br>\n                            Directeur de production <br>\n                            Tel.:\n                            <a href=\"tel:+43 3383 30301-20\">\n                                +43 3383 30301-20                            <\/a><br>\n                            E-Mail:\n                            <a href=\"mailto:e.stipsits@packnatur.at\">\n                                e.stipsits@packnatur.at                            <\/a>\n                        <\/p>\n                    <\/article><!-- member -->\n                                        <article class=\"member\">\n\n                        <header class=\"member-image\">\n                            <img loading=\"lazy\" decoding=\"async\" width=\"640\" height=\"461\" src=\"https:\/\/packnatur.at\/wp-content\/uploads\/2024\/11\/karina_gruenwald_bw_large.jpg\" class=\"attachment-large size-large\" alt=\"\" srcset=\"https:\/\/packnatur.at\/wp-content\/uploads\/2024\/11\/karina_gruenwald_bw_large.jpg 1024w, https:\/\/packnatur.at\/wp-content\/uploads\/2024\/11\/karina_gruenwald_bw_large-600x432.jpg 600w, https:\/\/packnatur.at\/wp-content\/uploads\/2024\/11\/karina_gruenwald_bw_large-768x553.jpg 768w\" sizes=\"auto, (max-width: 640px) 100vw, 640px\" \/>                        <\/header>\n\n                        <p class=\"member-info\">\n                            Karina Gr\u00fcnwald<br>\n                            Supply Chain Manager<br>\n                            Tel.:\n                            <a href=\"tel:+43 3383 30301-10\">\n                                +43 3383 30301-10                            <\/a><br>\n                            E-Mail:\n                            <a href=\"mailto:k.gruenwald@packnatur.at\">\n                                k.gruenwald@packnatur.at                            <\/a>\n                        <\/p>\n                    <\/article><!-- member -->\n                                        <article class=\"member\">\n\n                        <header class=\"member-image\">\n                            <img loading=\"lazy\" decoding=\"async\" width=\"640\" height=\"461\" src=\"https:\/\/packnatur.at\/wp-content\/uploads\/2024\/11\/nadine_gmoser_bw_large.jpg\" class=\"attachment-large size-large\" alt=\"\" srcset=\"https:\/\/packnatur.at\/wp-content\/uploads\/2024\/11\/nadine_gmoser_bw_large.jpg 1024w, https:\/\/packnatur.at\/wp-content\/uploads\/2024\/11\/nadine_gmoser_bw_large-600x432.jpg 600w, https:\/\/packnatur.at\/wp-content\/uploads\/2024\/11\/nadine_gmoser_bw_large-768x553.jpg 768w\" sizes=\"auto, (max-width: 640px) 100vw, 640px\" \/>                        <\/header>\n\n                        <p class=\"member-info\">\n                            Nadine Gmoser<br>\n                            Supply Chain Manager<br \/>\r\n(en cong\u00e9 de maternit\u00e9)<br>\n                            Tel.:\n                            <a href=\"tel:+43 3383 30301-10\">\n                                +43 3383 30301-10                            <\/a><br>\n                            E-Mail:\n                            <a href=\"mailto:n.gmoser@packnatur.at\">\n                                n.gmoser@packnatur.at                            <\/a>\n                        <\/p>\n                    <\/article><!-- member -->\n                            <\/div><!-- row team__wrapper -->\n    <\/div><!-- container -->\n\n<\/section>\n\n\n\n<h3 class=\"wp-block-heading\" id=\"siege-de-l-enterprise-1\">SI\u00c8GE DE L&#8217;ENTERPRISE<\/h3>\n\n\n\n<p>\n<a class=\"map-marker\" rel=\"noopener noreferrer\" href=\"https:\/\/goo.gl\/maps\/R5P6npJymMz9HBC6A\" target=\"_blank\">\n<i class=\"icon pin-solid\"><\/i>\n<\/a>\n<a rel=\"noopener noreferrer\" href=\"https:\/\/goo.gl\/maps\/R5P6npJymMz9HBC6A\" target=\"_blank\">\nAngerstrasse 28, 8292 Neudau, Autriche\n<\/a>\n\n<br>\nTel:<a href=\"tel:00433383303010\">+43 3383 30301-0<\/a><br>\nemail:&nbsp;<a href=\"mailto:office@packnatur.at\">office@packnatur.at<\/a>\n<\/p>\n\n\n\n<h3 class=\"wp-block-heading\" id=\"horaires-d-ouverture-1\">HORAIRES D\u2019OUVERTURE<\/h3>\n\n\n\n<p>Du lundi au jeudi : 8h \u2013 12h30, 13h \u2013 17h<br>Vendredi : 8h -12h30<\/p>\n\n\n\n<p class=\"has-small-font-size\">Num\u00e9ro identification TVA&nbsp;: ATU 74007004&nbsp;&nbsp;<br>Num\u00e9ro d&#8217;enregistrement de la soci\u00e9t\u00e9&nbsp;: 504659x<br>Comp\u00e9tence juridictionnelle&nbsp;: Landesgericht f\u00fcr Zivilrechtssachen Graz<\/p>\n","protected":false},"excerpt":{"rendered":"<p>Packnatur GmbH SI\u00c8GE DE L&#8217;ENTERPRISE Angerstrasse 28, 8292 Neudau, Autriche Tel:+43 3383 30301-0 email:&nbsp;office@packnatur.at HORAIRES D\u2019OUVERTURE Du lundi au jeudi : 8h \u2013 12h30, 13h \u2013 17hVendredi : 8h -12h30 Num\u00e9ro identification TVA&nbsp;: ATU 74007004&nbsp;&nbsp;Num\u00e9ro d&#8217;enregistrement de la soci\u00e9t\u00e9&nbsp;: 504659xComp\u00e9tence juridictionnelle&nbsp;: Landesgericht f\u00fcr Zivilrechtssachen Graz<\/p>\n","protected":false},"author":8,"featured_media":0,"parent":0,"menu_order":0,"comment_status":"closed","ping_status":"closed","template":"page-templates\/page_contact.php","meta":{"_acf_changed":false,"inline_featured_image":false,"footnotes":""},"class_list":["post-4949","page","type-page","status-publish","hentry"],"acf":[],"yoast_head":"<!-- This site is optimized with the Yoast SEO plugin v27.4 - https:\/\/yoast.com\/product\/yoast-seo-wordpress\/ -->\n<title>Contact - Packnatur<\/title>\n<meta name=\"robots\" content=\"index, follow, max-snippet:-1, max-image-preview:large, max-video-preview:-1\" \/>\n<link rel=\"canonical\" href=\"https:\/\/packnatur.at\/fr\/contact\/\" \/>\n<meta property=\"og:locale\" content=\"fr_FR\" \/>\n<meta property=\"og:type\" content=\"article\" \/>\n<meta property=\"og:title\" content=\"Contact - Packnatur\" \/>\n<meta property=\"og:description\" content=\"Packnatur GmbH SI\u00c8GE DE L&#8217;ENTERPRISE Angerstrasse 28, 8292 Neudau, Autriche Tel:+43 3383 30301-0 email:&nbsp;office@packnatur.at HORAIRES D\u2019OUVERTURE Du lundi au jeudi : 8h \u2013 12h30, 13h \u2013 17hVendredi : 8h -12h30 Num\u00e9ro identification TVA&nbsp;: ATU 74007004&nbsp;&nbsp;Num\u00e9ro d&#8217;enregistrement de la soci\u00e9t\u00e9&nbsp;: 504659xComp\u00e9tence juridictionnelle&nbsp;: Landesgericht f\u00fcr Zivilrechtssachen Graz\" \/>\n<meta property=\"og:url\" content=\"https:\/\/packnatur.at\/fr\/contact\/\" \/>\n<meta property=\"og:site_name\" content=\"Packnatur\" \/>\n<meta property=\"article:modified_time\" content=\"2025-07-04T08:10:09+00:00\" \/>\n<meta name=\"twitter:card\" content=\"summary_large_image\" \/>\n<meta name=\"twitter:label1\" content=\"Est. reading time\" \/>\n\t<meta name=\"twitter:data1\" content=\"1 minute\" \/>\n<script type=\"application\/ld+json\" class=\"yoast-schema-graph\">{\"@context\":\"https:\\\/\\\/schema.org\",\"@graph\":[{\"@type\":\"WebPage\",\"@id\":\"https:\\\/\\\/packnatur.at\\\/fr\\\/contact\\\/\",\"url\":\"https:\\\/\\\/packnatur.at\\\/fr\\\/contact\\\/\",\"name\":\"Contact - Packnatur\",\"isPartOf\":{\"@id\":\"https:\\\/\\\/packnatur.at\\\/fr\\\/#website\"},\"datePublished\":\"2021-01-28T19:53:30+00:00\",\"dateModified\":\"2025-07-04T08:10:09+00:00\",\"breadcrumb\":{\"@id\":\"https:\\\/\\\/packnatur.at\\\/fr\\\/contact\\\/#breadcrumb\"},\"inLanguage\":\"fr-FR\",\"potentialAction\":[{\"@type\":\"ReadAction\",\"target\":[\"https:\\\/\\\/packnatur.at\\\/fr\\\/contact\\\/\"]}]},{\"@type\":\"BreadcrumbList\",\"@id\":\"https:\\\/\\\/packnatur.at\\\/fr\\\/contact\\\/#breadcrumb\",\"itemListElement\":[{\"@type\":\"ListItem\",\"position\":1,\"name\":\"Home\",\"item\":\"https:\\\/\\\/packnatur.at\\\/fr\\\/\"},{\"@type\":\"ListItem\",\"position\":2,\"name\":\"Contact\"}]},{\"@type\":\"WebSite\",\"@id\":\"https:\\\/\\\/packnatur.at\\\/fr\\\/#website\",\"url\":\"https:\\\/\\\/packnatur.at\\\/fr\\\/\",\"name\":\"Packnatur\",\"description\":\"von Natur aus\",\"publisher\":{\"@id\":\"https:\\\/\\\/packnatur.at\\\/fr\\\/#organization\"},\"potentialAction\":[{\"@type\":\"SearchAction\",\"target\":{\"@type\":\"EntryPoint\",\"urlTemplate\":\"https:\\\/\\\/packnatur.at\\\/fr\\\/?s={search_term_string}\"},\"query-input\":{\"@type\":\"PropertyValueSpecification\",\"valueRequired\":true,\"valueName\":\"search_term_string\"}}],\"inLanguage\":\"fr-FR\"},{\"@type\":\"Organization\",\"@id\":\"https:\\\/\\\/packnatur.at\\\/fr\\\/#organization\",\"name\":\"Packnatur\",\"url\":\"https:\\\/\\\/packnatur.at\\\/fr\\\/\",\"logo\":{\"@type\":\"ImageObject\",\"inLanguage\":\"fr-FR\",\"@id\":\"https:\\\/\\\/packnatur.at\\\/fr\\\/#\\\/schema\\\/logo\\\/image\\\/\",\"url\":\"https:\\\/\\\/packnatur.at\\\/wp-content\\\/uploads\\\/2020\\\/07\\\/cropped-logo.png\",\"contentUrl\":\"https:\\\/\\\/packnatur.at\\\/wp-content\\\/uploads\\\/2020\\\/07\\\/cropped-logo.png\",\"width\":994,\"height\":295,\"caption\":\"Packnatur\"},\"image\":{\"@id\":\"https:\\\/\\\/packnatur.at\\\/fr\\\/#\\\/schema\\\/logo\\\/image\\\/\"}}]}<\/script>\n<!-- \/ Yoast SEO plugin. -->","yoast_head_json":{"title":"Contact - Packnatur","robots":{"index":"index","follow":"follow","max-snippet":"max-snippet:-1","max-image-preview":"max-image-preview:large","max-video-preview":"max-video-preview:-1"},"canonical":"https:\/\/packnatur.at\/fr\/contact\/","og_locale":"fr_FR","og_type":"article","og_title":"Contact - Packnatur","og_description":"Packnatur GmbH SI\u00c8GE DE L&#8217;ENTERPRISE Angerstrasse 28, 8292 Neudau, Autriche Tel:+43 3383 30301-0 email:&nbsp;office@packnatur.at HORAIRES D\u2019OUVERTURE Du lundi au jeudi : 8h \u2013 12h30, 13h \u2013 17hVendredi : 8h -12h30 Num\u00e9ro identification TVA&nbsp;: ATU 74007004&nbsp;&nbsp;Num\u00e9ro d&#8217;enregistrement de la soci\u00e9t\u00e9&nbsp;: 504659xComp\u00e9tence juridictionnelle&nbsp;: Landesgericht f\u00fcr Zivilrechtssachen Graz","og_url":"https:\/\/packnatur.at\/fr\/contact\/","og_site_name":"Packnatur","article_modified_time":"2025-07-04T08:10:09+00:00","twitter_card":"summary_large_image","twitter_misc":{"Est. reading time":"1 minute"},"schema":{"@context":"https:\/\/schema.org","@graph":[{"@type":"WebPage","@id":"https:\/\/packnatur.at\/fr\/contact\/","url":"https:\/\/packnatur.at\/fr\/contact\/","name":"Contact - Packnatur","isPartOf":{"@id":"https:\/\/packnatur.at\/fr\/#website"},"datePublished":"2021-01-28T19:53:30+00:00","dateModified":"2025-07-04T08:10:09+00:00","breadcrumb":{"@id":"https:\/\/packnatur.at\/fr\/contact\/#breadcrumb"},"inLanguage":"fr-FR","potentialAction":[{"@type":"ReadAction","target":["https:\/\/packnatur.at\/fr\/contact\/"]}]},{"@type":"BreadcrumbList","@id":"https:\/\/packnatur.at\/fr\/contact\/#breadcrumb","itemListElement":[{"@type":"ListItem","position":1,"name":"Home","item":"https:\/\/packnatur.at\/fr\/"},{"@type":"ListItem","position":2,"name":"Contact"}]},{"@type":"WebSite","@id":"https:\/\/packnatur.at\/fr\/#website","url":"https:\/\/packnatur.at\/fr\/","name":"Packnatur","description":"von Natur aus","publisher":{"@id":"https:\/\/packnatur.at\/fr\/#organization"},"potentialAction":[{"@type":"SearchAction","target":{"@type":"EntryPoint","urlTemplate":"https:\/\/packnatur.at\/fr\/?s={search_term_string}"},"query-input":{"@type":"PropertyValueSpecification","valueRequired":true,"valueName":"search_term_string"}}],"inLanguage":"fr-FR"},{"@type":"Organization","@id":"https:\/\/packnatur.at\/fr\/#organization","name":"Packnatur","url":"https:\/\/packnatur.at\/fr\/","logo":{"@type":"ImageObject","inLanguage":"fr-FR","@id":"https:\/\/packnatur.at\/fr\/#\/schema\/logo\/image\/","url":"https:\/\/packnatur.at\/wp-content\/uploads\/2020\/07\/cropped-logo.png","contentUrl":"https:\/\/packnatur.at\/wp-content\/uploads\/2020\/07\/cropped-logo.png","width":994,"height":295,"caption":"Packnatur"},"image":{"@id":"https:\/\/packnatur.at\/fr\/#\/schema\/logo\/image\/"}}]}},"_links":{"self":[{"href":"https:\/\/packnatur.at\/fr\/wp-json\/wp\/v2\/pages\/4949","targetHints":{"allow":["GET"]}}],"collection":[{"href":"https:\/\/packnatur.at\/fr\/wp-json\/wp\/v2\/pages"}],"about":[{"href":"https:\/\/packnatur.at\/fr\/wp-json\/wp\/v2\/types\/page"}],"author":[{"embeddable":true,"href":"https:\/\/packnatur.at\/fr\/wp-json\/wp\/v2\/users\/8"}],"replies":[{"embeddable":true,"href":"https:\/\/packnatur.at\/fr\/wp-json\/wp\/v2\/comments?post=4949"}],"version-history":[{"count":35,"href":"https:\/\/packnatur.at\/fr\/wp-json\/wp\/v2\/pages\/4949\/revisions"}],"predecessor-version":[{"id":10644,"href":"https:\/\/packnatur.at\/fr\/wp-json\/wp\/v2\/pages\/4949\/revisions\/10644"}],"wp:attachment":[{"href":"https:\/\/packnatur.at\/fr\/wp-json\/wp\/v2\/media?parent=4949"}],"curies":[{"name":"wp","href":"https:\/\/api.w.org\/{rel}","templated":true}]}}